{"id":25168,"date":"2023-10-31T14:00:13","date_gmt":"2023-10-31T14:00:13","guid":{"rendered":"https:\/\/www.buraco.plus\/product\/cambiar-nombre-club\/"},"modified":"2023-10-31T14:00:13","modified_gmt":"2023-10-31T14:00:13","slug":"cambiar-nombre-club","status":"publish","type":"product","link":"https:\/\/www.buraco.plus\/es\/product\/cambiar-nombre-club\/","title":{"rendered":"Cambiar Nombre Club"},"content":{"rendered":"<p>Al adquirir este paquete, podr\u00e1 cambiar el nombre del club<br \/>\nV\u00e1lido s\u00f3lo para L\u00edderes de Club<\/p>\n","protected":false},"excerpt":{"rendered":"<p>Al adquirir este paquete, podr\u00e1 cambiar el nombre del club<br \/>\nV\u00e1lido s\u00f3lo para L\u00edderes de Club<\/p>\n","protected":false},"featured_media":25530,"comment_status":"open","ping_status":"closed","template":"","meta":[],"product_brand":[],"product_cat":[242],"product_tag":[],"class_list":{"0":"post-25168","1":"product","2":"type-product","3":"status-publish","4":"has-post-thumbnail","6":"product_cat-especial","8":"first","9":"instock","10":"shipping-taxable","11":"product-type-simple"},"_links":{"self":[{"href":"https:\/\/www.buraco.plus\/es\/wp-json\/wp\/v2\/product\/25168","targetHints":{"allow":["GET"]}}],"collection":[{"href":"https:\/\/www.buraco.plus\/es\/wp-json\/wp\/v2\/product"}],"about":[{"href":"https:\/\/www.buraco.plus\/es\/wp-json\/wp\/v2\/types\/product"}],"replies":[{"embeddable":true,"href":"https:\/\/www.buraco.plus\/es\/wp-json\/wp\/v2\/comments?post=25168"}],"version-history":[{"count":0,"href":"https:\/\/www.buraco.plus\/es\/wp-json\/wp\/v2\/product\/25168\/revisions"}],"wp:featuredmedia":[{"embeddable":true,"href":"https:\/\/www.buraco.plus\/es\/wp-json\/wp\/v2\/media\/25530"}],"wp:attachment":[{"href":"https:\/\/www.buraco.plus\/es\/wp-json\/wp\/v2\/media?parent=25168"}],"wp:term":[{"taxonomy":"product_brand","embeddable":true,"href":"https:\/\/www.buraco.plus\/es\/wp-json\/wp\/v2\/product_brand?post=25168"},{"taxonomy":"product_cat","embeddable":true,"href":"https:\/\/www.buraco.plus\/es\/wp-json\/wp\/v2\/product_cat?post=25168"},{"taxonomy":"product_tag","embeddable":true,"href":"https:\/\/www.buraco.plus\/es\/wp-json\/wp\/v2\/product_tag?post=25168"}],"curies":[{"name":"wp","href":"https:\/\/api.w.org\/{rel}","templated":true}]}}