{"id":25266,"date":"2023-10-31T15:56:40","date_gmt":"2023-10-31T15:56:40","guid":{"rendered":"https:\/\/www.buraco.plus\/?post_type=product&#038;p=25266"},"modified":"2023-11-01T21:16:40","modified_gmt":"2023-11-01T21:16:40","slug":"12-meses","status":"publish","type":"product","link":"https:\/\/www.buraco.plus\/es\/product\/12-meses\/","title":{"rendered":"12 meses"},"content":{"rendered":"<p class=\"p1\">La suscripci\u00f3n desbloquear\u00e1 autom\u00e1ticamente todas las funciones de Buraco Plus, juegos ilimitados y mucho m\u00e1s.<\/p>\n<ul class=\"ul1\">\n<li class=\"li1\">Juegos ilimitados<\/li>\n<li class=\"li1\">100 jugadores en Friendslist (m\u00e1x. 500)<\/li>\n<li class=\"li1\">25 jugadores en la lista negra (115 como m\u00e1ximo)<\/li>\n<li class=\"li1\">Enviar mensajes privados<\/li>\n<li class=\"li1\">Crear y personalizar mesa<\/li>\n<li class=\"li1\">Reclamar recompensas de misiones personales<\/li>\n<li class=\"li1\">Silenciar jugadores en el juego<\/li>\n<li class=\"li1\">Ganado 2 monedas por partidas ganadas<\/li>\n<li class=\"li1\">Ver las estad\u00edsticas de otros jugadores<\/li>\n<li class=\"li1\">Sin publicidad<\/li>\n<\/ul>\n","protected":false},"excerpt":{"rendered":"<p class=\"p1\">La suscripci\u00f3n desbloquear\u00e1 autom\u00e1ticamente todas las funciones de Buraco Plus, juegos ilimitados y mucho m\u00e1s.<\/p>\n<ul class=\"ul1\">\n<li class=\"li1\">Juegos ilimitados<\/li>\n<li class=\"li1\">100 jugadores en Friendslist (m\u00e1x. 500)<\/li>\n<li class=\"li1\">25 jugadores en la lista negra (115 como m\u00e1ximo)<\/li>\n<li class=\"li1\">Enviar mensajes privados<\/li>\n<li class=\"li1\">Crear y personalizar mesa<\/li>\n<li class=\"li1\">Reclamar recompensas de misiones personales<\/li>\n<li class=\"li1\">Silenciar jugadores en el juego<\/li>\n<li class=\"li1\">Ganado 2 monedas por partidas ganadas<\/li>\n<li class=\"li1\">Ver las estad\u00edsticas de otros jugadores<\/li>\n<li class=\"li1\">Sin publicidad<\/li>\n<\/ul>\n","protected":false},"featured_media":25665,"comment_status":"open","ping_status":"closed","template":"","meta":[],"product_brand":[],"product_cat":[235],"product_tag":[],"class_list":{"0":"post-25266","1":"product","2":"type-product","3":"status-publish","4":"has-post-thumbnail","6":"product_cat-suscripcion","8":"first","9":"instock","10":"shipping-taxable","11":"product-type-simple"},"_links":{"self":[{"href":"https:\/\/www.buraco.plus\/es\/wp-json\/wp\/v2\/product\/25266","targetHints":{"allow":["GET"]}}],"collection":[{"href":"https:\/\/www.buraco.plus\/es\/wp-json\/wp\/v2\/product"}],"about":[{"href":"https:\/\/www.buraco.plus\/es\/wp-json\/wp\/v2\/types\/product"}],"replies":[{"embeddable":true,"href":"https:\/\/www.buraco.plus\/es\/wp-json\/wp\/v2\/comments?post=25266"}],"version-history":[{"count":0,"href":"https:\/\/www.buraco.plus\/es\/wp-json\/wp\/v2\/product\/25266\/revisions"}],"wp:featuredmedia":[{"embeddable":true,"href":"https:\/\/www.buraco.plus\/es\/wp-json\/wp\/v2\/media\/25665"}],"wp:attachment":[{"href":"https:\/\/www.buraco.plus\/es\/wp-json\/wp\/v2\/media?parent=25266"}],"wp:term":[{"taxonomy":"product_brand","embeddable":true,"href":"https:\/\/www.buraco.plus\/es\/wp-json\/wp\/v2\/product_brand?post=25266"},{"taxonomy":"product_cat","embeddable":true,"href":"https:\/\/www.buraco.plus\/es\/wp-json\/wp\/v2\/product_cat?post=25266"},{"taxonomy":"product_tag","embeddable":true,"href":"https:\/\/www.buraco.plus\/es\/wp-json\/wp\/v2\/product_tag?post=25266"}],"curies":[{"name":"wp","href":"https:\/\/api.w.org\/{rel}","templated":true}]}}