{"id":26804,"date":"2025-01-15T13:00:53","date_gmt":"2025-01-15T13:00:53","guid":{"rendered":"https:\/\/www.buraco.plus\/eventi\/"},"modified":"2025-02-02T11:39:56","modified_gmt":"2025-02-02T11:39:56","slug":"eventi","status":"publish","type":"page","link":"https:\/\/www.buraco.plus\/it\/eventi\/","title":{"rendered":"Eventi"},"content":{"rendered":"\t\t<div data-elementor-type=\"wp-page\" data-elementor-id=\"26804\" class=\"elementor elementor-26804 elementor-26675\">\n\t\t\t\t\t\t<section class=\"elementor-section elementor-top-section elementor-element elementor-element-02586f7 elementor-section-boxed elementor-section-height-default elementor-section-height-default sc_fly_static\" data-id=\"02586f7\" data-element_type=\"section\">\n\t\t\t\t\t\t<div class=\"elementor-container elementor-column-gap-extended\">\n\t\t\t\t\t<div class=\"elementor-column elementor-col-100 elementor-top-column elementor-element elementor-element-d6884e4 sc_inner_width_none sc_content_align_inherit sc_layouts_column_icons_position_left sc_fly_static\" data-id=\"d6884e4\" data-element_type=\"column\">\n\t\t\t<div class=\"elementor-widget-wrap elementor-element-populated\">\n\t\t\t\t\t\t<div class=\"elementor-element elementor-element-3cc2d86 sc_fly_static elementor-widget elementor-widget-image\" data-id=\"3cc2d86\" data-element_type=\"widget\" data-widget_type=\"image.default\">\n\t\t\t\t<div class=\"elementor-widget-container\">\n\t\t\t\t\t\t\t\t\t\t\t\t\t\t\t<img fetchpriority=\"high\" decoding=\"async\" width=\"370\" height=\"185\" src=\"https:\/\/www.buraco.plus\/wp-content\/uploads\/2025\/01\/events-ITA-370x185.png\" class=\"attachment-post-thumbnail size-post-thumbnail wp-image-27471\" alt=\"\" srcset=\"https:\/\/www.buraco.plus\/wp-content\/uploads\/2025\/01\/events-ITA-370x185.png 370w, https:\/\/www.buraco.plus\/wp-content\/uploads\/2025\/01\/events-ITA-300x150.png 300w, https:\/\/www.buraco.plus\/wp-content\/uploads\/2025\/01\/events-ITA-410x205.png 410w, https:\/\/www.buraco.plus\/wp-content\/uploads\/2025\/01\/events-ITA-256x128.png 256w, https:\/\/www.buraco.plus\/wp-content\/uploads\/2025\/01\/events-ITA.png 600w\" sizes=\"(max-width: 600px) 100vw, 370px\" \/>\t\t\t\t\t\t\t\t\t\t\t\t\t\t\t<\/div>\n\t\t\t\t<\/div>\n\t\t\t\t\t<\/div>\n\t\t<\/div>\n\t\t\t\t\t<\/div>\n\t\t<\/section>\n\t\t\t\t<section class=\"elementor-section elementor-top-section elementor-element elementor-element-c462a40 elementor-section-boxed elementor-section-height-default elementor-section-height-default sc_fly_static\" data-id=\"c462a40\" data-element_type=\"section\">\n\t\t\t\t\t\t<div class=\"elementor-container elementor-column-gap-extended\">\n\t\t\t\t\t<div class=\"elementor-column elementor-col-100 elementor-top-column elementor-element elementor-element-465b527 sc_inner_width_none sc_content_align_inherit sc_layouts_column_icons_position_left sc_fly_static\" data-id=\"465b527\" data-element_type=\"column\">\n\t\t\t<div class=\"elementor-widget-wrap elementor-element-populated\">\n\t\t\t\t\t\t<div class=\"elementor-element elementor-element-07e35d3 elementor-widget-divider--view-line sc_fly_static elementor-widget elementor-widget-divider\" data-id=\"07e35d3\" data-element_type=\"widget\" data-widget_type=\"divider.default\">\n\t\t\t\t<div class=\"elementor-widget-container\">\n\t\t\t\t\t\t\t<div class=\"elementor-divider\">\n\t\t\t<span class=\"elementor-divider-separator\">\n\t\t\t\t\t\t<\/span>\n\t\t<\/div>\n\t\t\t\t\t\t<\/div>\n\t\t\t\t<\/div>\n\t\t\t\t\t<\/div>\n\t\t<\/div>\n\t\t\t\t\t<\/div>\n\t\t<\/section>\n\t\t\t\t<section class=\"elementor-section elementor-top-section elementor-element elementor-element-a577185 elementor-section-boxed elementor-section-height-default elementor-section-height-default sc_fly_static\" data-id=\"a577185\" data-element_type=\"section\">\n\t\t\t\t\t\t<div class=\"elementor-container elementor-column-gap-extended\">\n\t\t\t\t\t<div class=\"elementor-column elementor-col-50 elementor-top-column elementor-element elementor-element-5c5d1b5 sc_inner_width_none sc_content_align_inherit sc_layouts_column_icons_position_left sc_fly_static\" data-id=\"5c5d1b5\" data-element_type=\"column\">\n\t\t\t<div class=\"elementor-widget-wrap elementor-element-populated\">\n\t\t\t\t\t\t<div class=\"elementor-element elementor-element-8ebdbf8 sc_fly_static elementor-widget elementor-widget-text-editor\" data-id=\"8ebdbf8\" data-element_type=\"widget\" data-widget_type=\"text-editor.default\">\n\t\t\t\t<div class=\"elementor-widget-container\">\n\t\t\t\t\t\t\t\t\t<p>Due eventi straordinari che arricchiranno la tua settimana: 5 Vittorie consecutive e x2Punti doppi! Entrambi gli eventi si svolgono in una fascia oraria limitata in giorni prestabiliti, dandoti l&#8217;opportunit\u00e0 di mettere alla prova le tue abilit\u00e0 e guadagnare bonus.<\/p>\n<ul>\n<li>Domenica &#8211; <span class=\"trx_addons_tiny_text\" style=\"color: #999999;\">Nessun evento<\/span><\/li>\n<li>Luned\u00ec &#8211; <span class=\"trx_addons_tiny_text\" style=\"color: #800000;\">Punti doppi<\/span><\/li>\n<li>Marted\u00ec &#8211; <span class=\"trx_addons_tiny_text\" style=\"color: #800000;\">Vinci 5 partite<\/span><\/li>\n<li>Mercoled\u00ec &#8211; <span class=\"trx_addons_tiny_text\" style=\"color: #999999;\">Nessun evento<\/span><\/li>\n<li>Gioved\u00ec &#8211; <span class=\"trx_addons_tiny_text\" style=\"color: #800000;\">Vinci 5 partite<\/span><\/li>\n<li>Venerd\u00ec &#8211; <span class=\"trx_addons_tiny_text\" style=\"color: #800000;\">Punti doppi<\/span><\/li>\n<li>Sabato &#8211; <span class=\"trx_addons_tiny_text\" style=\"color: #800000;\">Vinci 5 partite<\/span><\/li>\n<\/ul>\n<p>Non perdere l&#8217;occasione di partecipare! Preparati e segna le date degli eventi sul tuo calendario!<\/p>\n\t\t\t\t\t\t\t\t<\/div>\n\t\t\t\t<\/div>\n\t\t\t\t\t<\/div>\n\t\t<\/div>\n\t\t\t\t<div class=\"elementor-column elementor-col-50 elementor-top-column elementor-element elementor-element-93daf37 sc_inner_width_none sc_content_align_inherit sc_layouts_column_icons_position_left sc_fly_static\" data-id=\"93daf37\" data-element_type=\"column\">\n\t\t\t<div class=\"elementor-widget-wrap elementor-element-populated\">\n\t\t\t\t\t\t<div class=\"elementor-element elementor-element-f322e87 sc_fly_static elementor-widget elementor-widget-video\" data-id=\"f322e87\" data-element_type=\"widget\" data-settings=\"{&quot;video_type&quot;:&quot;hosted&quot;,&quot;controls&quot;:&quot;yes&quot;}\" data-widget_type=\"video.default\">\n\t\t\t\t<div class=\"elementor-widget-container\">\n\t\t\t\t\t\t\t<div class=\"e-hosted-video elementor-wrapper elementor-open-inline\">\n\t\t\t\t\t<video class=\"elementor-video\" src=\"https:\/\/www.buraco.plus\/wp-content\/uploads\/2025\/02\/events-Italian.mp4\" controls=\"\" preload=\"metadata\" controlsList=\"nodownload\" poster=\"https:\/\/www.buraco.plus\/wp-content\/uploads\/2025\/02\/events-italian.png\"><\/video>\n\t\t\t\t<\/div>\n\t\t\t\t\t\t<\/div>\n\t\t\t\t<\/div>\n\t\t\t\t\t<\/div>\n\t\t<\/div>\n\t\t\t\t\t<\/div>\n\t\t<\/section>\n\t\t\t\t<section class=\"elementor-section elementor-top-section elementor-element elementor-element-821390c elementor-section-boxed elementor-section-height-default elementor-section-height-default sc_fly_static\" data-id=\"821390c\" data-element_type=\"section\">\n\t\t\t\t\t\t<div class=\"elementor-container elementor-column-gap-extended\">\n\t\t\t\t\t<div class=\"elementor-column elementor-col-100 elementor-top-column elementor-element elementor-element-92a9a73 sc_inner_width_none sc_content_align_inherit sc_layouts_column_icons_position_left sc_fly_static\" data-id=\"92a9a73\" data-element_type=\"column\">\n\t\t\t<div class=\"elementor-widget-wrap elementor-element-populated\">\n\t\t\t\t\t\t<div class=\"elementor-element elementor-element-f3ef2f8 sc_fly_static elementor-widget elementor-widget-spacer\" data-id=\"f3ef2f8\" data-element_type=\"widget\" data-widget_type=\"spacer.default\">\n\t\t\t\t<div class=\"elementor-widget-container\">\n\t\t\t\t\t\t\t<div class=\"elementor-spacer\">\n\t\t\t<div class=\"elementor-spacer-inner\"><\/div>\n\t\t<\/div>\n\t\t\t\t\t\t<\/div>\n\t\t\t\t<\/div>\n\t\t\t\t\t<\/div>\n\t\t<\/div>\n\t\t\t\t\t<\/div>\n\t\t<\/section>\n\t\t\t\t<section class=\"elementor-section elementor-top-section elementor-element elementor-element-a0d1551 elementor-section-boxed elementor-section-height-default elementor-section-height-default sc_fly_static\" data-id=\"a0d1551\" data-element_type=\"section\">\n\t\t\t\t\t\t<div class=\"elementor-container elementor-column-gap-extended\">\n\t\t\t\t\t<div class=\"elementor-column elementor-col-50 elementor-top-column elementor-element elementor-element-8bf325b sc_inner_width_none sc_content_align_inherit sc_layouts_column_icons_position_left sc_fly_static\" data-id=\"8bf325b\" data-element_type=\"column\">\n\t\t\t<div class=\"elementor-widget-wrap elementor-element-populated\">\n\t\t\t\t\t\t<div class=\"elementor-element elementor-element-15d69b6 sc_fly_static elementor-widget elementor-widget-heading\" data-id=\"15d69b6\" data-element_type=\"widget\" data-widget_type=\"heading.default\">\n\t\t\t\t<div class=\"elementor-widget-container\">\n\t\t\t\t\t<h2 class=\"elementor-heading-title elementor-size-default\">Punti doppi<\/h2>\t\t\t\t<\/div>\n\t\t\t\t<\/div>\n\t\t\t\t<div class=\"elementor-element elementor-element-75572fd sc_fly_static elementor-widget elementor-widget-text-editor\" data-id=\"75572fd\" data-element_type=\"widget\" data-widget_type=\"text-editor.default\">\n\t\t\t\t<div class=\"elementor-widget-container\">\n\t\t\t\t\t\t\t\t\t<p><img decoding=\"async\" class=\"size-medium wp-image-27562 alignleft\" src=\"https:\/\/www.buraco.plus\/wp-content\/uploads\/2025\/01\/double-points-ITA-300x188.png\" alt=\"\" width=\"300\" height=\"188\" srcset=\"https:\/\/www.buraco.plus\/wp-content\/uploads\/2025\/01\/double-points-ITA-300x188.png 300w, https:\/\/www.buraco.plus\/wp-content\/uploads\/2025\/01\/double-points-ITA-768x480.png 768w, https:\/\/www.buraco.plus\/wp-content\/uploads\/2025\/01\/double-points-ITA-370x231.png 370w, https:\/\/www.buraco.plus\/wp-content\/uploads\/2025\/01\/double-points-ITA-410x256.png 410w, https:\/\/www.buraco.plus\/wp-content\/uploads\/2025\/01\/double-points-ITA-256x160.png 256w, https:\/\/www.buraco.plus\/wp-content\/uploads\/2025\/01\/double-points-ITA.png 800w\" sizes=\"(max-width: 300px) 100vw, 300px\" \/><\/p><ol><li>L&#8217;evento inizia alle 18 UTC<\/li><li>L&#8217;evento \u00e8 disponibile per tutte le partite 1 vs 1 e 2 vs 2, classiche e professionali. Sar\u00e0 automaticamente attivo su tutte le partite in corso non appena l&#8217;evento sar\u00e0 iniziato.<\/li><li>L&#8217;evento \u00e8 disponibile solo per i giocatori con un abbonamento attivo.<\/li><li>Tutte le partite giocate e vinte ti garantiranno punti doppi durante la durata dell&#8217;evento. Esempio: +1 punto vittoria, +1 punto bonus, per un totale di 2 punti.<\/li><li>Se il tuo avversario abbandona la partita, non ti verranno assegnati i punti doppi.<\/li><\/ol>\t\t\t\t\t\t\t\t<\/div>\n\t\t\t\t<\/div>\n\t\t\t\t\t<\/div>\n\t\t<\/div>\n\t\t\t\t<div class=\"elementor-column elementor-col-50 elementor-top-column elementor-element elementor-element-0840158 sc_inner_width_none sc_content_align_inherit sc_layouts_column_icons_position_left sc_fly_static\" data-id=\"0840158\" data-element_type=\"column\">\n\t\t\t<div class=\"elementor-widget-wrap elementor-element-populated\">\n\t\t\t\t\t\t<div class=\"elementor-element elementor-element-af71c47 sc_fly_static elementor-widget elementor-widget-heading\" data-id=\"af71c47\" data-element_type=\"widget\" data-widget_type=\"heading.default\">\n\t\t\t\t<div class=\"elementor-widget-container\">\n\t\t\t\t\t<h2 class=\"elementor-heading-title elementor-size-default\"><span data-teams=\"true\">5 vittorie consecutive<\/span><\/h2>\t\t\t\t<\/div>\n\t\t\t\t<\/div>\n\t\t\t\t<div class=\"elementor-element elementor-element-dd52f73 sc_fly_static elementor-widget elementor-widget-text-editor\" data-id=\"dd52f73\" data-element_type=\"widget\" data-widget_type=\"text-editor.default\">\n\t\t\t\t<div class=\"elementor-widget-container\">\n\t\t\t\t\t\t\t\t\t<p><img decoding=\"async\" class=\"alignnone size-medium wp-image-27566 alignleft\" src=\"https:\/\/www.buraco.plus\/wp-content\/uploads\/2025\/01\/5-row-ITA-300x188.png\" alt=\"\" width=\"300\" height=\"188\" srcset=\"https:\/\/www.buraco.plus\/wp-content\/uploads\/2025\/01\/5-row-ITA-300x188.png 300w, https:\/\/www.buraco.plus\/wp-content\/uploads\/2025\/01\/5-row-ITA-768x480.png 768w, https:\/\/www.buraco.plus\/wp-content\/uploads\/2025\/01\/5-row-ITA-370x231.png 370w, https:\/\/www.buraco.plus\/wp-content\/uploads\/2025\/01\/5-row-ITA-410x256.png 410w, https:\/\/www.buraco.plus\/wp-content\/uploads\/2025\/01\/5-row-ITA-256x160.png 256w, https:\/\/www.buraco.plus\/wp-content\/uploads\/2025\/01\/5-row-ITA.png 800w\" sizes=\"(max-width: 300px) 100vw, 300px\" \/><\/p><ol><li>L&#8217;evento inizia alle 18 UTC<\/li><li>L&#8217;evento \u00e8 disponibile solo per le partite 1 vs 1, Classiche e Professionali. Sar\u00e0 automaticamente attivo su tutte le partite in corso non appena l&#8217;evento sar\u00e0 iniziato.<\/li><li>L&#8217;evento \u00e8 disponibile solo per i giocatori con un abbonamento attivo.<\/li><li>Ogni giocatore otterr\u00e0 (se vince consecutivamente) +0 punti, +1 punto, +2 punti, +3 punti, +4 punti oltre al +1 punto vittoria come regola.<\/li><li>Le 5 partite devono essere giocate contro giocatori diversi.<\/li><li>Dopo le 5 partite, l&#8217;elenco dei giocatori verr\u00e0 resettato e potrai ricominciare da capo.<\/li><li>Se il tuo avversario abbandona la partita, non ti verranno assegnati i punti bonus.<p>puoi seguire i tuoi progressi facendo clic sul pulsante di avanzamento<\/p><\/li><\/ol>\t\t\t\t\t\t\t\t<\/div>\n\t\t\t\t<\/div>\n\t\t\t\t\t<\/div>\n\t\t<\/div>\n\t\t\t\t\t<\/div>\n\t\t<\/section>\n\t\t\t\t<section class=\"elementor-section elementor-top-section elementor-element elementor-element-29cb9dd elementor-section-boxed elementor-section-height-default elementor-section-height-default sc_fly_static\" data-id=\"29cb9dd\" data-element_type=\"section\">\n\t\t\t\t\t\t<div class=\"elementor-container elementor-column-gap-extended\">\n\t\t\t\t\t<div class=\"elementor-column elementor-col-100 elementor-top-column elementor-element elementor-element-57f54e8 sc_inner_width_none sc_content_align_inherit sc_layouts_column_icons_position_left sc_fly_static\" data-id=\"57f54e8\" data-element_type=\"column\">\n\t\t\t<div class=\"elementor-widget-wrap elementor-element-populated\">\n\t\t\t\t\t\t<div class=\"elementor-element elementor-element-b0eaa27 sc_fly_static elementor-widget elementor-widget-trx_sc_button\" data-id=\"b0eaa27\" data-element_type=\"widget\" data-widget_type=\"trx_sc_button.default\">\n\t\t\t\t<div class=\"elementor-widget-container\">\n\t\t\t\t\t<div\tclass=\"sc_item_button sc_button_wrap\" ><a href=\"https:\/\/www.buraco.plus\/it\/eventi-2\/\" class=\"sc_button sc_button_default sc_button_size_small sc_button_icon_left color_style_link2\" ><span class=\"sc_button_text\"><span class=\"sc_button_title\">DOMANDE FREQUENTI<\/span><\/span><\/a><\/div>\t\t\t\t<\/div>\n\t\t\t\t<\/div>\n\t\t\t\t\t<\/div>\n\t\t<\/div>\n\t\t\t\t\t<\/div>\n\t\t<\/section>\n\t\t\t\t<\/div>\n\t\t","protected":false},"excerpt":{"rendered":"<p>Due eventi straordinari che arricchiranno la tua settimana: 5 Vittorie consecutive e x2Punti doppi! Entrambi gli eventi si svolgono in una fascia oraria limitata in giorni prestabiliti, dandoti l&#8217;opportunit\u00e0 di&hellip;<\/p>\n","protected":false},"author":1,"featured_media":0,"parent":0,"menu_order":0,"comment_status":"closed","ping_status":"closed","template":"","meta":{"footnotes":""},"class_list":["post-26804","page","type-page","status-publish","hentry"],"_links":{"self":[{"href":"https:\/\/www.buraco.plus\/it\/wp-json\/wp\/v2\/pages\/26804","targetHints":{"allow":["GET"]}}],"collection":[{"href":"https:\/\/www.buraco.plus\/it\/wp-json\/wp\/v2\/pages"}],"about":[{"href":"https:\/\/www.buraco.plus\/it\/wp-json\/wp\/v2\/types\/page"}],"author":[{"embeddable":true,"href":"https:\/\/www.buraco.plus\/it\/wp-json\/wp\/v2\/users\/1"}],"replies":[{"embeddable":true,"href":"https:\/\/www.buraco.plus\/it\/wp-json\/wp\/v2\/comments?post=26804"}],"version-history":[{"count":23,"href":"https:\/\/www.buraco.plus\/it\/wp-json\/wp\/v2\/pages\/26804\/revisions"}],"predecessor-version":[{"id":28496,"href":"https:\/\/www.buraco.plus\/it\/wp-json\/wp\/v2\/pages\/26804\/revisions\/28496"}],"wp:attachment":[{"href":"https:\/\/www.buraco.plus\/it\/wp-json\/wp\/v2\/media?parent=26804"}],"curies":[{"name":"wp","href":"https:\/\/api.w.org\/{rel}","templated":true}]}}