{"id":26806,"date":"2025-01-15T13:46:20","date_gmt":"2025-01-15T13:46:20","guid":{"rendered":"https:\/\/www.buraco.plus\/tornei\/"},"modified":"2026-01-08T09:17:22","modified_gmt":"2026-01-08T09:17:22","slug":"tornei","status":"publish","type":"page","link":"https:\/\/www.buraco.plus\/it\/tornei\/","title":{"rendered":"Tornei"},"content":{"rendered":"\t\t<div data-elementor-type=\"wp-page\" data-elementor-id=\"26806\" class=\"elementor elementor-26806 elementor-26725\">\n\t\t\t\t\t\t<section class=\"elementor-section elementor-top-section elementor-element elementor-element-c8f28b2 elementor-section-boxed elementor-section-height-default elementor-section-height-default sc_fly_static\" data-id=\"c8f28b2\" data-element_type=\"section\">\n\t\t\t\t\t\t<div class=\"elementor-container elementor-column-gap-extended\">\n\t\t\t\t\t<div class=\"elementor-column elementor-col-100 elementor-top-column elementor-element elementor-element-f6eaaf1 sc_inner_width_none sc_content_align_inherit sc_layouts_column_icons_position_left sc_fly_static\" data-id=\"f6eaaf1\" data-element_type=\"column\">\n\t\t\t<div class=\"elementor-widget-wrap elementor-element-populated\">\n\t\t\t\t\t\t<div class=\"elementor-element elementor-element-c96641e sc_fly_static elementor-widget elementor-widget-image\" data-id=\"c96641e\" data-element_type=\"widget\" data-widget_type=\"image.default\">\n\t\t\t\t<div class=\"elementor-widget-container\">\n\t\t\t\t\t\t\t\t\t\t\t\t\t\t\t<img fetchpriority=\"high\" decoding=\"async\" width=\"370\" height=\"185\" src=\"https:\/\/www.buraco.plus\/wp-content\/uploads\/2025\/01\/tournaments-ITA-370x185.png\" class=\"attachment-post-thumbnail size-post-thumbnail wp-image-27475\" alt=\"\" srcset=\"https:\/\/www.buraco.plus\/wp-content\/uploads\/2025\/01\/tournaments-ITA-370x185.png 370w, https:\/\/www.buraco.plus\/wp-content\/uploads\/2025\/01\/tournaments-ITA-300x150.png 300w, https:\/\/www.buraco.plus\/wp-content\/uploads\/2025\/01\/tournaments-ITA-410x205.png 410w, https:\/\/www.buraco.plus\/wp-content\/uploads\/2025\/01\/tournaments-ITA-256x128.png 256w, https:\/\/www.buraco.plus\/wp-content\/uploads\/2025\/01\/tournaments-ITA.png 600w\" sizes=\"(max-width: 600px) 100vw, 370px\" \/>\t\t\t\t\t\t\t\t\t\t\t\t\t\t\t<\/div>\n\t\t\t\t<\/div>\n\t\t\t\t\t<\/div>\n\t\t<\/div>\n\t\t\t\t\t<\/div>\n\t\t<\/section>\n\t\t\t\t<section class=\"elementor-section elementor-top-section elementor-element elementor-element-14b8f38 elementor-section-boxed elementor-section-height-default elementor-section-height-default sc_fly_static\" data-id=\"14b8f38\" data-element_type=\"section\">\n\t\t\t\t\t\t<div class=\"elementor-container elementor-column-gap-extended\">\n\t\t\t\t\t<div class=\"elementor-column elementor-col-100 elementor-top-column elementor-element elementor-element-a45713d sc_inner_width_none sc_content_align_inherit sc_layouts_column_icons_position_left sc_fly_static\" data-id=\"a45713d\" data-element_type=\"column\">\n\t\t\t<div class=\"elementor-widget-wrap elementor-element-populated\">\n\t\t\t\t\t\t<div class=\"elementor-element elementor-element-f154f48 elementor-widget-divider--view-line sc_fly_static elementor-widget elementor-widget-divider\" data-id=\"f154f48\" data-element_type=\"widget\" data-widget_type=\"divider.default\">\n\t\t\t\t<div class=\"elementor-widget-container\">\n\t\t\t\t\t\t\t<div class=\"elementor-divider\">\n\t\t\t<span class=\"elementor-divider-separator\">\n\t\t\t\t\t\t<\/span>\n\t\t<\/div>\n\t\t\t\t\t\t<\/div>\n\t\t\t\t<\/div>\n\t\t\t\t\t<\/div>\n\t\t<\/div>\n\t\t\t\t\t<\/div>\n\t\t<\/section>\n\t\t\t\t<section class=\"elementor-section elementor-top-section elementor-element elementor-element-551302c elementor-section-boxed elementor-section-height-default elementor-section-height-default sc_fly_static\" data-id=\"551302c\" data-element_type=\"section\">\n\t\t\t\t\t\t<div class=\"elementor-container elementor-column-gap-extended\">\n\t\t\t\t\t<div class=\"elementor-column elementor-col-50 elementor-top-column elementor-element elementor-element-9741780 sc_inner_width_none sc_content_align_inherit sc_layouts_column_icons_position_left sc_fly_static\" data-id=\"9741780\" data-element_type=\"column\">\n\t\t\t<div class=\"elementor-widget-wrap elementor-element-populated\">\n\t\t\t\t\t\t<div class=\"elementor-element elementor-element-fd5d5a7 sc_fly_static elementor-widget elementor-widget-text-editor\" data-id=\"fd5d5a7\" data-element_type=\"widget\" data-widget_type=\"text-editor.default\">\n\t\t\t\t<div class=\"elementor-widget-container\">\n\t\t\t\t\t\t\t\t\t<p>Partecipa ai nostri entusiasmanti Tornei Buraco Plus, dove abilit\u00e0 e strategia si incontrano per offrirti un&#8217;esperienza di gioco unica! Per partecipare al torneo \u00e8 necessaria la registrazione, che pu\u00f2 essere effettuata utilizzando le nostre esclusive Monete Buraco Plus.<br \/>Una volta registrato, sarai pronto ad affrontare questa entusiasmante competizione che prevede diversi round impegnativi.  <\/p>\n<p>Man mano che avanzerai nel torneo, avrai l&#8217;opportunit\u00e0 di guadagnare diamanti e punti preziosi. I diamanti acquisiti non solo rappresentano il tuo successo nel gioco, ma possono anche essere convertiti in premi reali, trasformando ogni tua vittoria in un&#8217;opportunit\u00e0 tangibile.<\/p>\n<p>Non aspettare oltre: avventurati nel mondo del gioco competitivo e mettiti alla prova per vincere fantastici premi! Il tuo viaggio nel Torneo Buraco Plus inizia ora!<\/p>\n\t\t\t\t\t\t\t\t<\/div>\n\t\t\t\t<\/div>\n\t\t\t\t\t<\/div>\n\t\t<\/div>\n\t\t\t\t<div class=\"elementor-column elementor-col-50 elementor-top-column elementor-element elementor-element-76ded83 sc_inner_width_none sc_content_align_inherit sc_layouts_column_icons_position_left sc_fly_static\" data-id=\"76ded83\" data-element_type=\"column\">\n\t\t\t<div class=\"elementor-widget-wrap elementor-element-populated\">\n\t\t\t\t\t\t<div class=\"elementor-element elementor-element-db0934a sc_fly_static elementor-widget elementor-widget-video\" data-id=\"db0934a\" data-element_type=\"widget\" data-settings=\"{&quot;video_type&quot;:&quot;hosted&quot;,&quot;controls&quot;:&quot;yes&quot;}\" data-widget_type=\"video.default\">\n\t\t\t\t<div class=\"elementor-widget-container\">\n\t\t\t\t\t\t\t<div class=\"e-hosted-video elementor-wrapper elementor-open-inline\">\n\t\t\t\t\t<video class=\"elementor-video\" src=\"https:\/\/www.buraco.plus\/wp-content\/uploads\/2025\/02\/New-Italian.mp4\" controls=\"\" preload=\"metadata\" controlsList=\"nodownload\" poster=\"https:\/\/www.buraco.plus\/wp-content\/uploads\/2025\/02\/new-italian-1.png\"><\/video>\n\t\t\t\t<\/div>\n\t\t\t\t\t\t<\/div>\n\t\t\t\t<\/div>\n\t\t\t\t\t<\/div>\n\t\t<\/div>\n\t\t\t\t\t<\/div>\n\t\t<\/section>\n\t\t\t\t<section class=\"elementor-section elementor-top-section elementor-element elementor-element-452214f elementor-section-boxed elementor-section-height-default elementor-section-height-default sc_fly_static\" data-id=\"452214f\" data-element_type=\"section\">\n\t\t\t\t\t\t<div class=\"elementor-container elementor-column-gap-extended\">\n\t\t\t\t\t<div class=\"elementor-column elementor-col-100 elementor-top-column elementor-element elementor-element-9cbc282 sc_inner_width_none sc_content_align_inherit sc_layouts_column_icons_position_left sc_fly_static\" data-id=\"9cbc282\" data-element_type=\"column\">\n\t\t\t<div class=\"elementor-widget-wrap elementor-element-populated\">\n\t\t\t\t\t\t<div class=\"elementor-element elementor-element-cbfe914 elementor-widget-divider--view-line sc_fly_static elementor-widget elementor-widget-divider\" data-id=\"cbfe914\" data-element_type=\"widget\" data-widget_type=\"divider.default\">\n\t\t\t\t<div class=\"elementor-widget-container\">\n\t\t\t\t\t\t\t<div class=\"elementor-divider\">\n\t\t\t<span class=\"elementor-divider-separator\">\n\t\t\t\t\t\t<\/span>\n\t\t<\/div>\n\t\t\t\t\t\t<\/div>\n\t\t\t\t<\/div>\n\t\t\t\t\t<\/div>\n\t\t<\/div>\n\t\t\t\t\t<\/div>\n\t\t<\/section>\n\t\t\t\t<section class=\"elementor-section elementor-top-section elementor-element elementor-element-592d2e7 elementor-section-boxed elementor-section-height-default elementor-section-height-default sc_fly_static\" data-id=\"592d2e7\" data-element_type=\"section\">\n\t\t\t\t\t\t<div class=\"elementor-container elementor-column-gap-extended\">\n\t\t\t\t\t<div class=\"elementor-column elementor-col-100 elementor-top-column elementor-element elementor-element-61cc1f8 sc_inner_width_none sc_content_align_inherit sc_layouts_column_icons_position_left sc_fly_static\" data-id=\"61cc1f8\" data-element_type=\"column\">\n\t\t\t<div class=\"elementor-widget-wrap elementor-element-populated\">\n\t\t\t\t\t\t<div class=\"elementor-element elementor-element-6e9827f elementor-arrows-position-inside elementor-pagination-position-outside sc_fly_static elementor-widget elementor-widget-image-carousel\" data-id=\"6e9827f\" data-element_type=\"widget\" data-settings=\"{&quot;slides_to_show&quot;:&quot;7&quot;,&quot;navigation&quot;:&quot;both&quot;,&quot;autoplay&quot;:&quot;yes&quot;,&quot;pause_on_hover&quot;:&quot;yes&quot;,&quot;pause_on_interaction&quot;:&quot;yes&quot;,&quot;autoplay_speed&quot;:5000,&quot;infinite&quot;:&quot;yes&quot;,&quot;speed&quot;:500}\" data-widget_type=\"image-carousel.default\">\n\t\t\t\t<div class=\"elementor-widget-container\">\n\t\t\t\t\t\t\t<div class=\"elementor-image-carousel-wrapper swiper\" role=\"region\" aria-roledescription=\"carousel\" aria-label=\"Carosello d&#039;immagini\" dir=\"ltr\">\n\t\t\t<div class=\"elementor-image-carousel swiper-wrapper\" aria-live=\"off\">\n\t\t\t\t\t\t\t\t<div class=\"swiper-slide\" role=\"group\" aria-roledescription=\"slide\" aria-label=\"1 di 7\"><figure class=\"swiper-slide-inner\"><img decoding=\"async\" class=\"swiper-slide-image\" src=\"https:\/\/www.buraco.plus\/wp-content\/uploads\/2025\/01\/desert-150x150.png\" alt=\"Desert Gem\" \/><figcaption class=\"elementor-image-carousel-caption\">Desert Gem<\/figcaption><\/figure><\/div><div class=\"swiper-slide\" role=\"group\" aria-roledescription=\"slide\" aria-label=\"2 di 7\"><figure class=\"swiper-slide-inner\"><img decoding=\"async\" class=\"swiper-slide-image\" src=\"https:\/\/www.buraco.plus\/wp-content\/uploads\/2025\/01\/pearl-150x150.png\" alt=\"Orient Pearl\" \/><figcaption class=\"elementor-image-carousel-caption\">Orient Pearl<\/figcaption><\/figure><\/div><div class=\"swiper-slide\" role=\"group\" aria-roledescription=\"slide\" aria-label=\"3 di 7\"><figure class=\"swiper-slide-inner\"><img decoding=\"async\" class=\"swiper-slide-image\" src=\"https:\/\/www.buraco.plus\/wp-content\/uploads\/2025\/01\/royal-150x150.png\" alt=\"Royal Battle\" \/><figcaption class=\"elementor-image-carousel-caption\">Royal Battle<\/figcaption><\/figure><\/div><div class=\"swiper-slide\" role=\"group\" aria-roledescription=\"slide\" aria-label=\"4 di 7\"><figure class=\"swiper-slide-inner\"><img decoding=\"async\" class=\"swiper-slide-image\" src=\"https:\/\/www.buraco.plus\/wp-content\/uploads\/2025\/01\/spades-150x150.png\" alt=\"Golden Friday\" \/><figcaption class=\"elementor-image-carousel-caption\">Golden Friday<\/figcaption><\/figure><\/div><div class=\"swiper-slide\" role=\"group\" aria-roledescription=\"slide\" aria-label=\"5 di 7\"><figure class=\"swiper-slide-inner\"><img decoding=\"async\" class=\"swiper-slide-image\" src=\"https:\/\/www.buraco.plus\/wp-content\/uploads\/2025\/01\/sunday-150x150.png\" alt=\"Sunday Master\" \/><figcaption class=\"elementor-image-carousel-caption\">Sunday Master<\/figcaption><\/figure><\/div><div class=\"swiper-slide\" role=\"group\" aria-roledescription=\"slide\" aria-label=\"6 di 7\"><figure class=\"swiper-slide-inner\"><img decoding=\"async\" class=\"swiper-slide-image\" src=\"https:\/\/www.buraco.plus\/wp-content\/uploads\/2025\/01\/titans-150x150.png\" alt=\"Clash of Titans\" \/><figcaption class=\"elementor-image-carousel-caption\">Clash of Titans<\/figcaption><\/figure><\/div><div class=\"swiper-slide\" role=\"group\" aria-roledescription=\"slide\" aria-label=\"7 di 7\"><figure class=\"swiper-slide-inner\"><img decoding=\"async\" class=\"swiper-slide-image\" src=\"https:\/\/www.buraco.plus\/wp-content\/uploads\/2026\/01\/crazy-150x150.png\" alt=\"Crazy Hearts\" \/><figcaption class=\"elementor-image-carousel-caption\">Crazy Hearts<\/figcaption><\/figure><\/div>\t\t\t<\/div>\n\t\t\t\t\t\t\t\t\t\t\t\t<div class=\"elementor-swiper-button elementor-swiper-button-prev\" role=\"button\" tabindex=\"0\">\n\t\t\t\t\t\t<i aria-hidden=\"true\" class=\"eicon-chevron-left\"><\/i>\t\t\t\t\t<\/div>\n\t\t\t\t\t<div class=\"elementor-swiper-button elementor-swiper-button-next\" role=\"button\" tabindex=\"0\">\n\t\t\t\t\t\t<i aria-hidden=\"true\" class=\"eicon-chevron-right\"><\/i>\t\t\t\t\t<\/div>\n\t\t\t\t\n\t\t\t\t\t\t\t\t\t<div class=\"swiper-pagination\"><\/div>\n\t\t\t\t\t\t\t\t\t<\/div>\n\t\t\t\t\t\t<\/div>\n\t\t\t\t<\/div>\n\t\t\t\t\t<\/div>\n\t\t<\/div>\n\t\t\t\t\t<\/div>\n\t\t<\/section>\n\t\t\t\t<section class=\"elementor-section elementor-top-section elementor-element elementor-element-25359ab elementor-section-boxed elementor-section-height-default elementor-section-height-default sc_fly_static\" data-id=\"25359ab\" data-element_type=\"section\">\n\t\t\t\t\t\t<div class=\"elementor-container elementor-column-gap-extended\">\n\t\t\t\t\t<div class=\"elementor-column elementor-col-100 elementor-top-column elementor-element elementor-element-c93f794 sc_inner_width_none sc_content_align_inherit sc_layouts_column_icons_position_left sc_fly_static\" data-id=\"c93f794\" data-element_type=\"column\">\n\t\t\t<div class=\"elementor-widget-wrap elementor-element-populated\">\n\t\t\t\t\t\t<div class=\"elementor-element elementor-element-c63aa8f elementor-widget-divider--view-line sc_fly_static elementor-widget elementor-widget-divider\" data-id=\"c63aa8f\" data-element_type=\"widget\" data-widget_type=\"divider.default\">\n\t\t\t\t<div class=\"elementor-widget-container\">\n\t\t\t\t\t\t\t<div class=\"elementor-divider\">\n\t\t\t<span class=\"elementor-divider-separator\">\n\t\t\t\t\t\t<\/span>\n\t\t<\/div>\n\t\t\t\t\t\t<\/div>\n\t\t\t\t<\/div>\n\t\t\t\t\t<\/div>\n\t\t<\/div>\n\t\t\t\t\t<\/div>\n\t\t<\/section>\n\t\t\t\t<section class=\"elementor-section elementor-top-section elementor-element elementor-element-3f92bf3 elementor-section-boxed elementor-section-height-default elementor-section-height-default sc_fly_static\" data-id=\"3f92bf3\" data-element_type=\"section\">\n\t\t\t\t\t\t<div class=\"elementor-container elementor-column-gap-extended\">\n\t\t\t\t\t<div class=\"elementor-column elementor-col-100 elementor-top-column elementor-element elementor-element-703f7af sc_inner_width_none sc_content_align_inherit sc_layouts_column_icons_position_left sc_fly_static\" data-id=\"703f7af\" data-element_type=\"column\">\n\t\t\t<div class=\"elementor-widget-wrap elementor-element-populated\">\n\t\t\t\t\t\t<div class=\"elementor-element elementor-element-7d2ed82 sc_fly_static elementor-widget elementor-widget-trx_sc_button\" data-id=\"7d2ed82\" data-element_type=\"widget\" data-widget_type=\"trx_sc_button.default\">\n\t\t\t\t<div class=\"elementor-widget-container\">\n\t\t\t\t\t<div\tclass=\"sc_item_button sc_button_wrap\" ><a href=\"https:\/\/www.buraco.plus\/it\/tornei-buraco-plus\/\" class=\"sc_button sc_button_default sc_button_size_small sc_button_icon_left color_style_link2\" ><span class=\"sc_button_text\"><span class=\"sc_button_title\">DOMANDE FREQUENTI<\/span><\/span><\/a><\/div>\t\t\t\t<\/div>\n\t\t\t\t<\/div>\n\t\t\t\t\t<\/div>\n\t\t<\/div>\n\t\t\t\t\t<\/div>\n\t\t<\/section>\n\t\t\t\t<\/div>\n\t\t","protected":false},"excerpt":{"rendered":"<p>Partecipa ai nostri entusiasmanti Tornei Buraco Plus, dove abilit\u00e0 e strategia si incontrano per offrirti un&#8217;esperienza di gioco unica! Per partecipare al torneo \u00e8 necessaria la registrazione, che pu\u00f2 essere&hellip;<\/p>\n","protected":false},"author":1,"featured_media":0,"parent":0,"menu_order":0,"comment_status":"closed","ping_status":"closed","template":"","meta":{"footnotes":""},"class_list":["post-26806","page","type-page","status-publish","hentry"],"_links":{"self":[{"href":"https:\/\/www.buraco.plus\/it\/wp-json\/wp\/v2\/pages\/26806","targetHints":{"allow":["GET"]}}],"collection":[{"href":"https:\/\/www.buraco.plus\/it\/wp-json\/wp\/v2\/pages"}],"about":[{"href":"https:\/\/www.buraco.plus\/it\/wp-json\/wp\/v2\/types\/page"}],"author":[{"embeddable":true,"href":"https:\/\/www.buraco.plus\/it\/wp-json\/wp\/v2\/users\/1"}],"replies":[{"embeddable":true,"href":"https:\/\/www.buraco.plus\/it\/wp-json\/wp\/v2\/comments?post=26806"}],"version-history":[{"count":39,"href":"https:\/\/www.buraco.plus\/it\/wp-json\/wp\/v2\/pages\/26806\/revisions"}],"predecessor-version":[{"id":29724,"href":"https:\/\/www.buraco.plus\/it\/wp-json\/wp\/v2\/pages\/26806\/revisions\/29724"}],"wp:attachment":[{"href":"https:\/\/www.buraco.plus\/it\/wp-json\/wp\/v2\/media?parent=26806"}],"curies":[{"name":"wp","href":"https:\/\/api.w.org\/{rel}","templated":true}]}}