{"id":28156,"date":"2025-01-27T13:40:01","date_gmt":"2025-01-27T13:40:01","guid":{"rendered":"https:\/\/www.buraco.plus\/gestione-e-caratteristiche-del-club\/"},"modified":"2026-03-31T08:20:33","modified_gmt":"2026-03-31T08:20:33","slug":"gestione-e-caratteristiche-del-club","status":"publish","type":"page","link":"https:\/\/www.buraco.plus\/it\/gestione-e-caratteristiche-del-club\/","title":{"rendered":"Gestione e caratteristiche del club"},"content":{"rendered":"\t\t<div data-elementor-type=\"wp-page\" data-elementor-id=\"28156\" class=\"elementor elementor-28156 elementor-27836\">\n\t\t\t\t\t\t<section class=\"elementor-section elementor-top-section elementor-element elementor-element-15afe50e elementor-section-boxed elementor-section-height-default elementor-section-height-default sc_gradient_animation_none sc_fly_static\" data-id=\"15afe50e\" data-element_type=\"section\" data-settings=\"{&quot;background_background&quot;:&quot;gradient&quot;}\">\n\t\t\t\t\t\t<div class=\"elementor-container elementor-column-gap-extended\">\n\t\t\t\t\t<div class=\"elementor-column elementor-col-100 elementor-top-column elementor-element elementor-element-259d72df sc_inner_width_none sc_content_align_inherit sc_layouts_column_icons_position_left sc_gradient_animation_none sc_fly_static\" data-id=\"259d72df\" data-element_type=\"column\" data-settings=\"{&quot;background_background&quot;:&quot;gradient&quot;}\">\n\t\t\t<div class=\"elementor-widget-wrap elementor-element-populated\">\n\t\t\t\t\t\t<div class=\"elementor-element elementor-element-4745eb32 elementor-widget__width-initial sc_fly_static elementor-widget elementor-widget-heading\" data-id=\"4745eb32\" data-element_type=\"widget\" data-widget_type=\"heading.default\">\n\t\t\t\t<div class=\"elementor-widget-container\">\n\t\t\t\t\t<h5 class=\"elementor-heading-title elementor-size-default\">Gestione e caratteristiche del club<\/h5>\t\t\t\t<\/div>\n\t\t\t\t<\/div>\n\t\t\t\t\t<\/div>\n\t\t<\/div>\n\t\t\t\t\t<\/div>\n\t\t<\/section>\n\t\t\t\t<section class=\"elementor-section elementor-top-section elementor-element elementor-element-4cc68def elementor-section-boxed elementor-section-height-default elementor-section-height-default sc_fly_static\" data-id=\"4cc68def\" data-element_type=\"section\">\n\t\t\t\t\t\t<div class=\"elementor-container elementor-column-gap-extended\">\n\t\t\t\t\t<div class=\"elementor-column elementor-col-100 elementor-top-column elementor-element elementor-element-16aca5c6 sc_inner_width_none sc_content_align_inherit sc_layouts_column_icons_position_left sc_fly_static\" data-id=\"16aca5c6\" data-element_type=\"column\">\n\t\t\t<div class=\"elementor-widget-wrap elementor-element-populated\">\n\t\t\t\t\t\t<div class=\"elementor-element elementor-element-524bc969 sc_fly_static elementor-widget elementor-widget-spacer\" data-id=\"524bc969\" data-element_type=\"widget\" data-widget_type=\"spacer.default\">\n\t\t\t\t<div class=\"elementor-widget-container\">\n\t\t\t\t\t\t\t<div class=\"elementor-spacer\">\n\t\t\t<div class=\"elementor-spacer-inner\"><\/div>\n\t\t<\/div>\n\t\t\t\t\t\t<\/div>\n\t\t\t\t<\/div>\n\t\t\t\t\t<\/div>\n\t\t<\/div>\n\t\t\t\t\t<\/div>\n\t\t<\/section>\n\t\t\t\t<section class=\"elementor-section elementor-top-section elementor-element elementor-element-b1185e6 elementor-section-boxed elementor-section-height-default elementor-section-height-default sc_fly_static\" data-id=\"b1185e6\" data-element_type=\"section\">\n\t\t\t\t\t\t<div class=\"elementor-container elementor-column-gap-extended\">\n\t\t\t\t\t<div class=\"elementor-column elementor-col-50 elementor-top-column elementor-element elementor-element-4be02475 sc_inner_width_none sc_content_align_inherit sc_layouts_column_icons_position_left sc_fly_static\" data-id=\"4be02475\" data-element_type=\"column\">\n\t\t\t<div class=\"elementor-widget-wrap elementor-element-populated\">\n\t\t\t\t\t\t<div class=\"elementor-element elementor-element-18703bc9 sc_fly_static elementor-widget elementor-widget-toggle\" data-id=\"18703bc9\" data-element_type=\"widget\" data-widget_type=\"toggle.default\">\n\t\t\t\t<div class=\"elementor-widget-container\">\n\t\t\t\t\t\t\t<div class=\"elementor-toggle\">\n\t\t\t\t\t\t\t<div class=\"elementor-toggle-item\">\n\t\t\t\t\t<div id=\"elementor-tab-title-4101\" class=\"elementor-tab-title\" data-tab=\"1\" role=\"button\" aria-controls=\"elementor-tab-content-4101\" aria-expanded=\"false\">\n\t\t\t\t\t\t\t\t\t\t\t\t<span class=\"elementor-toggle-icon elementor-toggle-icon-left\" aria-hidden=\"true\">\n\t\t\t\t\t\t\t\t\t\t\t\t\t\t\t<span class=\"elementor-toggle-icon-closed\"><i class=\"fas fa-caret-right\"><\/i><\/span>\n\t\t\t\t\t\t\t\t<span class=\"elementor-toggle-icon-opened\"><i class=\"elementor-toggle-icon-opened fas fa-caret-up\"><\/i><\/span>\n\t\t\t\t\t\t\t\t\t\t\t\t\t<\/span>\n\t\t\t\t\t\t\t\t\t\t\t\t<a class=\"elementor-toggle-title\" tabindex=\"0\">Perch\u00e9 dovrei iscrivermi a un club?<\/a>\n\t\t\t\t\t<\/div>\n\n\t\t\t\t\t<div id=\"elementor-tab-content-4101\" class=\"elementor-tab-content elementor-clearfix\" data-tab=\"1\" role=\"region\" aria-labelledby=\"elementor-tab-title-4101\"><p>I membri del club possono essere identificati da un&#8217;icona (se presente) sotto il loro nickname e all&#8217;interno del profilo del giocatore. Il club pu\u00f2 essere creato da qualsiasi giocatore che sar\u00e0 automaticamente il capo del club e sar\u00e0 responsabile delle prestazioni del club e avr\u00e0 anche alcuni privilegi.<\/p><p>I membri del club hanno diversi vantaggi:<\/p><ul><li>Possono ricevere punti extra ogni mese.<\/li><li>Possono partecipare agli obiettivi del club.<\/li><li>Hanno una chat club privata.<\/li><\/ul><\/div>\n\t\t\t\t<\/div>\n\t\t\t\t\t\t\t<div class=\"elementor-toggle-item\">\n\t\t\t\t\t<div id=\"elementor-tab-title-4102\" class=\"elementor-tab-title\" data-tab=\"2\" role=\"button\" aria-controls=\"elementor-tab-content-4102\" aria-expanded=\"false\">\n\t\t\t\t\t\t\t\t\t\t\t\t<span class=\"elementor-toggle-icon elementor-toggle-icon-left\" aria-hidden=\"true\">\n\t\t\t\t\t\t\t\t\t\t\t\t\t\t\t<span class=\"elementor-toggle-icon-closed\"><i class=\"fas fa-caret-right\"><\/i><\/span>\n\t\t\t\t\t\t\t\t<span class=\"elementor-toggle-icon-opened\"><i class=\"elementor-toggle-icon-opened fas fa-caret-up\"><\/i><\/span>\n\t\t\t\t\t\t\t\t\t\t\t\t\t<\/span>\n\t\t\t\t\t\t\t\t\t\t\t\t<a class=\"elementor-toggle-title\" tabindex=\"0\">Come si crea un club?<\/a>\n\t\t\t\t\t<\/div>\n\n\t\t\t\t\t<div id=\"elementor-tab-content-4102\" class=\"elementor-tab-content elementor-clearfix\" data-tab=\"2\" role=\"region\" aria-labelledby=\"elementor-tab-title-4102\"><p>Per creare un nuovo club, clicca sull&#8217;icona del club nel menu in basso come segue:<\/p><ol><li>Club<\/li><li>Crea Club<\/li><\/ol><p>Quindi inserisci:<\/p><p>1- Nome del club (non pu\u00f2 essere modificato gratuitamente dopo la creazione del club, ma \u00e8 possibile acquistare il pacchetto di modifica del nome del club dal nostro negozio)<\/p><p>2- Immagine (sar\u00e0 l&#8217;icona del tuo club)<\/p><p>3- Tipo club<\/p><p>4- Requisiti<\/p><p>5- Regola<\/p><p>6- Crea<\/p><p>7- Messaggio di benvenuto (sar\u00e0 inviato automaticamente ad ogni nuovo membro del club)<\/p><p>Dopo aver inserito tutto, clicca sul pulsante CREA e il tuo club sar\u00e0 creato!<\/p><\/div>\n\t\t\t\t<\/div>\n\t\t\t\t\t\t\t<div class=\"elementor-toggle-item\">\n\t\t\t\t\t<div id=\"elementor-tab-title-4103\" class=\"elementor-tab-title\" data-tab=\"3\" role=\"button\" aria-controls=\"elementor-tab-content-4103\" aria-expanded=\"false\">\n\t\t\t\t\t\t\t\t\t\t\t\t<span class=\"elementor-toggle-icon elementor-toggle-icon-left\" aria-hidden=\"true\">\n\t\t\t\t\t\t\t\t\t\t\t\t\t\t\t<span class=\"elementor-toggle-icon-closed\"><i class=\"fas fa-caret-right\"><\/i><\/span>\n\t\t\t\t\t\t\t\t<span class=\"elementor-toggle-icon-opened\"><i class=\"elementor-toggle-icon-opened fas fa-caret-up\"><\/i><\/span>\n\t\t\t\t\t\t\t\t\t\t\t\t\t<\/span>\n\t\t\t\t\t\t\t\t\t\t\t\t<a class=\"elementor-toggle-title\" tabindex=\"0\">Tipo di club<\/a>\n\t\t\t\t\t<\/div>\n\n\t\t\t\t\t<div id=\"elementor-tab-content-4103\" class=\"elementor-tab-content elementor-clearfix\" data-tab=\"3\" role=\"region\" aria-labelledby=\"elementor-tab-title-4103\"><p>Il capo club pu\u00f2 scegliere la modalit\u00e0 di entrata dei giocatori al proprio club tra queste opzioni:<\/p><ol><li>Aperto: I giocatori possono entrare nel club senza approvazione del capo<\/li><li>Su richiesta: I giocatori possono solo richiedere di entrare, e il capo del club pu\u00f2 accettare o rifiutare la loro richiesta.<\/li><\/ol><ul><li>Il tipo di club pu\u00f2 essere modificato in qualsiasi momento dalla sezione Modifica club.<\/li><\/ul><p>Requisiti<\/p><p>Il capo club pu\u00f2 stabilire i punti necessari per entrare a far parte del club, il che significa che un giocatore deve avere i punti minimi richiesti per iscriversi o entrare a far parte del club. I punti sono i seguenti:<\/p><ul><li>Nessuno<\/li><li>50 punti<\/li><li>100 points<\/li><li>300 punti<\/li><li>500 punti<\/li><li>1.000 punti<\/li><li>2.000 punti<\/li><li>3.000 punti<\/li><li>5.000 punti<\/li><li>7.000 punti<\/li><li>10.000 punti<\/li><\/ul><ul><li>I requisiti possono essere modificati in qualsiasi momento dalla sezione di modifica del club.<\/li><\/ul><\/div>\n\t\t\t\t<\/div>\n\t\t\t\t\t\t\t<div class=\"elementor-toggle-item\">\n\t\t\t\t\t<div id=\"elementor-tab-title-4104\" class=\"elementor-tab-title\" data-tab=\"4\" role=\"button\" aria-controls=\"elementor-tab-content-4104\" aria-expanded=\"false\">\n\t\t\t\t\t\t\t\t\t\t\t\t<span class=\"elementor-toggle-icon elementor-toggle-icon-left\" aria-hidden=\"true\">\n\t\t\t\t\t\t\t\t\t\t\t\t\t\t\t<span class=\"elementor-toggle-icon-closed\"><i class=\"fas fa-caret-right\"><\/i><\/span>\n\t\t\t\t\t\t\t\t<span class=\"elementor-toggle-icon-opened\"><i class=\"elementor-toggle-icon-opened fas fa-caret-up\"><\/i><\/span>\n\t\t\t\t\t\t\t\t\t\t\t\t\t<\/span>\n\t\t\t\t\t\t\t\t\t\t\t\t<a class=\"elementor-toggle-title\" tabindex=\"0\">Regole del club<\/a>\n\t\t\t\t\t<\/div>\n\n\t\t\t\t\t<div id=\"elementor-tab-content-4104\" class=\"elementor-tab-content elementor-clearfix\" data-tab=\"4\" role=\"region\" aria-labelledby=\"elementor-tab-title-4104\"><p>Quando un giocatore vince una partita con le stesse regole del proprio club, il club guadagner\u00e0 punti, altrimenti non ne guadagner\u00e0. Il regolamento del club stabilisce anche in quale categoria (italiana o professionale) tutti i membri guadagneranno punti extra alla fine del mese. I punti del Club ottenuti dai giocatori si azzerano ogni mese.<\/p><ul><li>La regola non pu\u00f2 essere modificata dopo la creazione del club.<\/li><\/ul><\/div>\n\t\t\t\t<\/div>\n\t\t\t\t\t\t\t<div class=\"elementor-toggle-item\">\n\t\t\t\t\t<div id=\"elementor-tab-title-4105\" class=\"elementor-tab-title\" data-tab=\"5\" role=\"button\" aria-controls=\"elementor-tab-content-4105\" aria-expanded=\"false\">\n\t\t\t\t\t\t\t\t\t\t\t\t<span class=\"elementor-toggle-icon elementor-toggle-icon-left\" aria-hidden=\"true\">\n\t\t\t\t\t\t\t\t\t\t\t\t\t\t\t<span class=\"elementor-toggle-icon-closed\"><i class=\"fas fa-caret-right\"><\/i><\/span>\n\t\t\t\t\t\t\t\t<span class=\"elementor-toggle-icon-opened\"><i class=\"elementor-toggle-icon-opened fas fa-caret-up\"><\/i><\/span>\n\t\t\t\t\t\t\t\t\t\t\t\t\t<\/span>\n\t\t\t\t\t\t\t\t\t\t\t\t<a class=\"elementor-toggle-title\" tabindex=\"0\">Quanti posti per club?<\/a>\n\t\t\t\t\t<\/div>\n\n\t\t\t\t\t<div id=\"elementor-tab-content-4105\" class=\"elementor-tab-content elementor-clearfix\" data-tab=\"5\" role=\"region\" aria-labelledby=\"elementor-tab-title-4105\"><p>Al livello 0, ci sono solo 10 posti disponibili per i giocatori. Man mano che si sale di livello, aumenta il numero di posti disponibili nel Club.<\/p><ul><li>Livello 0 &#8211; 10 posti<\/li><li>Livello 1 &#8211; 20 posti<\/li><li>Livello 2 &#8211; 40 posti<\/li><li>Livello 3 &#8211; 55 posti<\/li><li>Livello 4 &#8211; 80 posti<\/li><\/ul><p><span class=\"ui-provider ee bgd bdq bge bgf bgg bgh bgi bgj bgk bgl bgm bgn bgo bgp bgq bgr bgs bgt bgu bgv bgw bgx bgy bgz bha bhb bhc bhd bhe bhf bhg bhh bhi bhj\" dir=\"ltr\">Dal Livello 4 al Livello 20 i posti saranno 80.<\/span><\/p><p>Massimo 80 posti per club.<\/p><\/div>\n\t\t\t\t<\/div>\n\t\t\t\t\t\t\t<div class=\"elementor-toggle-item\">\n\t\t\t\t\t<div id=\"elementor-tab-title-4106\" class=\"elementor-tab-title\" data-tab=\"6\" role=\"button\" aria-controls=\"elementor-tab-content-4106\" aria-expanded=\"false\">\n\t\t\t\t\t\t\t\t\t\t\t\t<span class=\"elementor-toggle-icon elementor-toggle-icon-left\" aria-hidden=\"true\">\n\t\t\t\t\t\t\t\t\t\t\t\t\t\t\t<span class=\"elementor-toggle-icon-closed\"><i class=\"fas fa-caret-right\"><\/i><\/span>\n\t\t\t\t\t\t\t\t<span class=\"elementor-toggle-icon-opened\"><i class=\"elementor-toggle-icon-opened fas fa-caret-up\"><\/i><\/span>\n\t\t\t\t\t\t\t\t\t\t\t\t\t<\/span>\n\t\t\t\t\t\t\t\t\t\t\t\t<a class=\"elementor-toggle-title\" tabindex=\"0\">Quali sono gli obiettivi del club?<\/a>\n\t\t\t\t\t<\/div>\n\n\t\t\t\t\t<div id=\"elementor-tab-content-4106\" class=\"elementor-tab-content elementor-clearfix\" data-tab=\"6\" role=\"region\" aria-labelledby=\"elementor-tab-title-4106\"><p>Gli obiettivi del club, se raggiunti, danno a tutti i membri del club punti extra alla fine del mese! Ci sono 2 obiettivi:<\/p><ul><li>Vincere partite 1v1<\/li><li>Vincere partite 2v2<\/li><\/ul><p>La difficolt\u00e0 degli obiettivi \u00e8 relativa al livello del club, e diventeranno pi\u00f9 difficili man mano che il club sale di livello. Potrai visualizzare i progressi del tuo club nella sezione Obiettivi del club.<\/p><div>\u00a0<\/div><div><strong>Ecco i requisiti di vittorie per livello con i relativi punti bonus:<\/strong><\/div><div>\u00a0<\/div><ul><li style=\"list-style-type: none;\"><ul><li>Livello 0: 500 vittorie (1v1) e 500 (2v2) \u2192 punti bonus 5 (1v1) e 7 (2v2)<\/li><li>Livello 1: 1000 \/ 1000 \u2192 bonus 10 \/ 15<\/li><li>Livello 2: 2000 \/ 2000 \u2192 bonus 15 \/ 22<\/li><li>Livello 3: 3000 \/ 3000 \u2192 bonus 20 \/ 30<\/li><li>Livello 4: 4000 \/ 4000 \u2192 bonus 25 \/ 37<\/li><li>Livello 5: 5000 \/ 5000 \u2192 bonus 30 \/ 45<\/li><li>Livello 6: 6000 \/ 6000 \u2192 bonus 35 \/ 51<\/li><li>Livello 7: 7000 \/ 7000 \u2192 bonus 40 \/ 60<\/li><li>Livello 8: 8000 \/ 8000 \u2192 bonus 45 \/ 67<\/li><li>Livello 9: 9000 \/ 9000 \u2192 bonus 50 \/ 75<\/li><li>Livello 10: 10000 \/ 10000 \u2192 bonus 60 \/ 90<\/li><li>Livello 11: 12000 \/ 12000 \u2192 bonus 70 \/ 105<\/li><li>Livello 12: 14000 \/ 14000 \u2192 bonus 80 \/ 120<\/li><li>Livello 13: 16000 \/ 16000 \u2192 bonus 90 \/ 135<\/li><li>Livello 14: 18000 \/ 18000 \u2192 bonus 100 \/ 150<\/li><li>Livello 15: 20000 \/ 20000 \u2192 bonus 120 \/ 180<\/li><li>Livello 16: 23000 \/ 23000 \u2192 bonus 140 \/ 210<\/li><li>Livello 17: 26000 \/ 26000 \u2192 bonus 160 \/ 240<\/li><li>Livello 18: 29000 \/ 29000 \u2192 bonus 180 \/ 270<\/li><li>Livello 19: 32000 \/ 32000 \u2192 bonus 200 \/ 300<\/li><li>Livello 20: 35000 \/ 35000 \u2192 bonus 250 \/ 375<\/li><\/ul><\/li><\/ul><\/div>\n\t\t\t\t<\/div>\n\t\t\t\t\t\t\t<div class=\"elementor-toggle-item\">\n\t\t\t\t\t<div id=\"elementor-tab-title-4107\" class=\"elementor-tab-title\" data-tab=\"7\" role=\"button\" aria-controls=\"elementor-tab-content-4107\" aria-expanded=\"false\">\n\t\t\t\t\t\t\t\t\t\t\t\t<span class=\"elementor-toggle-icon elementor-toggle-icon-left\" aria-hidden=\"true\">\n\t\t\t\t\t\t\t\t\t\t\t\t\t\t\t<span class=\"elementor-toggle-icon-closed\"><i class=\"fas fa-caret-right\"><\/i><\/span>\n\t\t\t\t\t\t\t\t<span class=\"elementor-toggle-icon-opened\"><i class=\"elementor-toggle-icon-opened fas fa-caret-up\"><\/i><\/span>\n\t\t\t\t\t\t\t\t\t\t\t\t\t<\/span>\n\t\t\t\t\t\t\t\t\t\t\t\t<a class=\"elementor-toggle-title\" tabindex=\"0\">Come fa il Club ad accumulare punti?<\/a>\n\t\t\t\t\t<\/div>\n\n\t\t\t\t\t<div id=\"elementor-tab-content-4107\" class=\"elementor-tab-content elementor-clearfix\" data-tab=\"7\" role=\"region\" aria-labelledby=\"elementor-tab-title-4107\"><p>Il club riceve punti quando un membro vince una partita. I punti del club saranno distribuiti come segue:<\/p><ul><li>Parita a una mano: 1 punto club per la vittoria<\/li><li>Partita da 1005 o 1505 punti: 2 punti club per vittoria<\/li><li>Partita da 2000 o 2005 punti: 3 punti club per vittoria<\/li><\/ul><p>La sconfitta non influisce sui punti del club.<\/p><\/div>\n\t\t\t\t<\/div>\n\t\t\t\t\t\t\t<div class=\"elementor-toggle-item\">\n\t\t\t\t\t<div id=\"elementor-tab-title-4108\" class=\"elementor-tab-title\" data-tab=\"8\" role=\"button\" aria-controls=\"elementor-tab-content-4108\" aria-expanded=\"false\">\n\t\t\t\t\t\t\t\t\t\t\t\t<span class=\"elementor-toggle-icon elementor-toggle-icon-left\" aria-hidden=\"true\">\n\t\t\t\t\t\t\t\t\t\t\t\t\t\t\t<span class=\"elementor-toggle-icon-closed\"><i class=\"fas fa-caret-right\"><\/i><\/span>\n\t\t\t\t\t\t\t\t<span class=\"elementor-toggle-icon-opened\"><i class=\"elementor-toggle-icon-opened fas fa-caret-up\"><\/i><\/span>\n\t\t\t\t\t\t\t\t\t\t\t\t\t<\/span>\n\t\t\t\t\t\t\t\t\t\t\t\t<a class=\"elementor-toggle-title\" tabindex=\"0\">Quali sono i ruoli?<\/a>\n\t\t\t\t\t<\/div>\n\n\t\t\t\t\t<div id=\"elementor-tab-content-4108\" class=\"elementor-tab-content elementor-clearfix\" data-tab=\"8\" role=\"region\" aria-labelledby=\"elementor-tab-title-4108\"><p>Ci sono 3 ruoli:<\/p><ol><li><p>Capo club: \u00c8 la persona che crea il club. Il capo pu\u00f2:<\/p><ul><li>Invitare chiunque voglia entrare a far parte del club<\/li><li>Accettare\/Declinare le richieste di unirsi al club<\/li><li>Inviare un messaggio a tutti i membri del club<\/li><li>Rimuovere un membro dal proprio club<\/li><li>Cambiare il logo del club<\/li><li>Modificare la descrizione del club<\/li><li>Cambiare il capo del club<\/li><li>Nominare uno o pi\u00f9 Vice Capo club<\/li><li>Declassificare un Vice Capo (torner\u00e0 ad essere un membro effettivo)<\/li><li>Cancellare il club<\/li><\/ul><\/li><li><p>Vice capo: pu\u00f2 invitare i giocatori a unirsi al club<\/p><\/li><li><p>Membri: Tutti i giocatori del club, esclusi il vice capo club e il capo club.<\/p><\/li><\/ol><\/div>\n\t\t\t\t<\/div>\n\t\t\t\t\t\t\t<div class=\"elementor-toggle-item\">\n\t\t\t\t\t<div id=\"elementor-tab-title-4109\" class=\"elementor-tab-title\" data-tab=\"9\" role=\"button\" aria-controls=\"elementor-tab-content-4109\" aria-expanded=\"false\">\n\t\t\t\t\t\t\t\t\t\t\t\t<span class=\"elementor-toggle-icon elementor-toggle-icon-left\" aria-hidden=\"true\">\n\t\t\t\t\t\t\t\t\t\t\t\t\t\t\t<span class=\"elementor-toggle-icon-closed\"><i class=\"fas fa-caret-right\"><\/i><\/span>\n\t\t\t\t\t\t\t\t<span class=\"elementor-toggle-icon-opened\"><i class=\"elementor-toggle-icon-opened fas fa-caret-up\"><\/i><\/span>\n\t\t\t\t\t\t\t\t\t\t\t\t\t<\/span>\n\t\t\t\t\t\t\t\t\t\t\t\t<a class=\"elementor-toggle-title\" tabindex=\"0\">Se lascio un club, mi viene applicata una penalit\u00e0?<\/a>\n\t\t\t\t\t<\/div>\n\n\t\t\t\t\t<div id=\"elementor-tab-content-4109\" class=\"elementor-tab-content elementor-clearfix\" data-tab=\"9\" role=\"region\" aria-labelledby=\"elementor-tab-title-4109\"><p>No<\/p><\/div>\n\t\t\t\t<\/div>\n\t\t\t\t\t\t\t<div class=\"elementor-toggle-item\">\n\t\t\t\t\t<div id=\"elementor-tab-title-41010\" class=\"elementor-tab-title\" data-tab=\"10\" role=\"button\" aria-controls=\"elementor-tab-content-41010\" aria-expanded=\"false\">\n\t\t\t\t\t\t\t\t\t\t\t\t<span class=\"elementor-toggle-icon elementor-toggle-icon-left\" aria-hidden=\"true\">\n\t\t\t\t\t\t\t\t\t\t\t\t\t\t\t<span class=\"elementor-toggle-icon-closed\"><i class=\"fas fa-caret-right\"><\/i><\/span>\n\t\t\t\t\t\t\t\t<span class=\"elementor-toggle-icon-opened\"><i class=\"elementor-toggle-icon-opened fas fa-caret-up\"><\/i><\/span>\n\t\t\t\t\t\t\t\t\t\t\t\t\t<\/span>\n\t\t\t\t\t\t\t\t\t\t\t\t<a class=\"elementor-toggle-title\" tabindex=\"0\">Posso essere membro di pi\u00f9 di un club?<\/a>\n\t\t\t\t\t<\/div>\n\n\t\t\t\t\t<div id=\"elementor-tab-content-41010\" class=\"elementor-tab-content elementor-clearfix\" data-tab=\"10\" role=\"region\" aria-labelledby=\"elementor-tab-title-41010\"><p>No<\/p><\/div>\n\t\t\t\t<\/div>\n\t\t\t\t\t\t\t<div class=\"elementor-toggle-item\">\n\t\t\t\t\t<div id=\"elementor-tab-title-41011\" class=\"elementor-tab-title\" data-tab=\"11\" role=\"button\" aria-controls=\"elementor-tab-content-41011\" aria-expanded=\"false\">\n\t\t\t\t\t\t\t\t\t\t\t\t<span class=\"elementor-toggle-icon elementor-toggle-icon-left\" aria-hidden=\"true\">\n\t\t\t\t\t\t\t\t\t\t\t\t\t\t\t<span class=\"elementor-toggle-icon-closed\"><i class=\"fas fa-caret-right\"><\/i><\/span>\n\t\t\t\t\t\t\t\t<span class=\"elementor-toggle-icon-opened\"><i class=\"elementor-toggle-icon-opened fas fa-caret-up\"><\/i><\/span>\n\t\t\t\t\t\t\t\t\t\t\t\t\t<\/span>\n\t\t\t\t\t\t\t\t\t\t\t\t<a class=\"elementor-toggle-title\" tabindex=\"0\">Quanti sono i livelli club?<\/a>\n\t\t\t\t\t<\/div>\n\n\t\t\t\t\t<div id=\"elementor-tab-content-41011\" class=\"elementor-tab-content elementor-clearfix\" data-tab=\"11\" role=\"region\" aria-labelledby=\"elementor-tab-title-41011\"><p><span class=\"ui-provider ee bgd bdq bge bgf bgg bgh bgi bgj bgk bgl bgm bgn bgo bgp bgq bgr bgs bgt bgu bgv bgw bgx bgy bgz bha bhb bhc bhd bhe bhf bhg bhh bhi bhj\" dir=\"ltr\">I livelli in totale sono 20<\/span><\/p><\/div>\n\t\t\t\t<\/div>\n\t\t\t\t\t\t\t\t<\/div>\n\t\t\t\t\t\t<\/div>\n\t\t\t\t<\/div>\n\t\t\t\t\t<\/div>\n\t\t<\/div>\n\t\t\t\t<div class=\"elementor-column elementor-col-50 elementor-top-column elementor-element elementor-element-5bfbac55 sc_inner_width_none sc_content_align_inherit sc_layouts_column_icons_position_left sc_fly_static\" data-id=\"5bfbac55\" data-element_type=\"column\">\n\t\t\t<div class=\"elementor-widget-wrap elementor-element-populated\">\n\t\t\t\t\t\t<div class=\"elementor-element elementor-element-316c3ffd sc_fly_static elementor-widget elementor-widget-trx_sc_layouts_menu\" data-id=\"316c3ffd\" data-element_type=\"widget\" data-widget_type=\"trx_sc_layouts_menu.default\">\n\t\t\t\t<div class=\"elementor-widget-container\">\n\t\t\t\t\t<nav class=\"sc_layouts_menu sc_layouts_menu_default sc_layouts_menu_dir_vertical sc_layouts_submenu_popup menu_hover_fade\" data-animation-in=\"fadeIn\" data-animation-out=\"fadeOut\" ><ul id=\"sc_layouts_menu_288293603\" class=\"sc_layouts_menu_nav\"><li id=\"menu-item-28197\" class=\"menu-item menu-item-type-post_type menu-item-object-page menu-item-28197\"><a href=\"https:\/\/www.buraco.plus\/it\/come-iniziare\/\"><span>\u2724 Come iniziare<\/span><\/a><\/li><li id=\"menu-item-28195\" class=\"menu-item menu-item-type-post_type menu-item-object-page menu-item-28195\"><a href=\"https:\/\/www.buraco.plus\/it\/gestione-degli-account\/\"><span>\u2724 Gestione degli account<\/span><\/a><\/li><li id=\"menu-item-28196\" class=\"menu-item menu-item-type-post_type menu-item-object-page menu-item-28196\"><a href=\"https:\/\/www.buraco.plus\/it\/gioco-e-regole\/\"><span>\u2724 Gioco e Regole<\/span><\/a><\/li><li id=\"menu-item-28192\" class=\"menu-item menu-item-type-post_type menu-item-object-page menu-item-28192\"><a href=\"https:\/\/www.buraco.plus\/it\/partite-e-impostazioni\/\"><span>\u2724 Partite e Impostazioni<\/span><\/a><\/li><li id=\"menu-item-28194\" class=\"menu-item menu-item-type-post_type menu-item-object-page menu-item-28194\"><a href=\"https:\/\/www.buraco.plus\/it\/gestione-e-caratteristiche-del-club\/\"><span>\u2724 Gestione e caratteristiche del club<\/span><\/a><\/li><li id=\"menu-item-28193\" class=\"menu-item menu-item-type-post_type menu-item-object-page menu-item-28193\"><a href=\"https:\/\/www.buraco.plus\/it\/interazioni-sociali-e-caratteristiche\/\"><span>\u2724 Interazioni sociali e caratteristiche<\/span><\/a><\/li><li id=\"menu-item-28191\" class=\"menu-item menu-item-type-post_type menu-item-object-page menu-item-28191\"><a href=\"https:\/\/www.buraco.plus\/it\/vantaggi-e-informazioni-sullabbonamento\/\"><span>\u2724 Vantaggi e informazioni sull\u2019abbonamento<\/span><\/a><\/li><li id=\"menu-item-28190\" class=\"menu-item menu-item-type-post_type menu-item-object-page menu-item-28190\"><a href=\"https:\/\/www.buraco.plus\/it\/shop-it\/\"><span>\u2724 Shop<\/span><\/a><\/li><li id=\"menu-item-28189\" class=\"menu-item menu-item-type-post_type menu-item-object-page menu-item-28189\"><a href=\"https:\/\/www.buraco.plus\/it\/monthly-tournament\/\"><span>\u2724 Monthly Tournament<\/span><\/a><\/li><li id=\"menu-item-28188\" class=\"menu-item menu-item-type-post_type menu-item-object-page menu-item-28188\"><a href=\"https:\/\/www.buraco.plus\/it\/tornei-buraco-plus\/\"><span>\u2724 Tornei Buraco Plus<\/span><\/a><\/li><li id=\"menu-item-28187\" class=\"menu-item menu-item-type-post_type menu-item-object-page menu-item-28187\"><a href=\"https:\/\/www.buraco.plus\/it\/eventi-2\/\"><span>\u2724 Eventi<\/span><\/a><\/li><\/ul><\/nav>\t\t\t\t<\/div>\n\t\t\t\t<\/div>\n\t\t\t\t\t<\/div>\n\t\t<\/div>\n\t\t\t\t\t<\/div>\n\t\t<\/section>\n\t\t\t\t<\/div>\n\t\t","protected":false},"excerpt":{"rendered":"<p>Gestione e caratteristiche del club Perch\u00e9 dovrei iscrivermi a un club? I membri del club possono essere identificati da un&#8217;icona (se presente) sotto il loro nickname e all&#8217;interno del profilo&hellip;<\/p>\n","protected":false},"author":1,"featured_media":0,"parent":0,"menu_order":0,"comment_status":"closed","ping_status":"closed","template":"","meta":{"footnotes":""},"class_list":["post-28156","page","type-page","status-publish","hentry"],"_links":{"self":[{"href":"https:\/\/www.buraco.plus\/it\/wp-json\/wp\/v2\/pages\/28156","targetHints":{"allow":["GET"]}}],"collection":[{"href":"https:\/\/www.buraco.plus\/it\/wp-json\/wp\/v2\/pages"}],"about":[{"href":"https:\/\/www.buraco.plus\/it\/wp-json\/wp\/v2\/types\/page"}],"author":[{"embeddable":true,"href":"https:\/\/www.buraco.plus\/it\/wp-json\/wp\/v2\/users\/1"}],"replies":[{"embeddable":true,"href":"https:\/\/www.buraco.plus\/it\/wp-json\/wp\/v2\/comments?post=28156"}],"version-history":[{"count":7,"href":"https:\/\/www.buraco.plus\/it\/wp-json\/wp\/v2\/pages\/28156\/revisions"}],"predecessor-version":[{"id":29792,"href":"https:\/\/www.buraco.plus\/it\/wp-json\/wp\/v2\/pages\/28156\/revisions\/29792"}],"wp:attachment":[{"href":"https:\/\/www.buraco.plus\/it\/wp-json\/wp\/v2\/media?parent=28156"}],"curies":[{"name":"wp","href":"https:\/\/api.w.org\/{rel}","templated":true}]}}