{"id":28165,"date":"2025-01-27T12:44:51","date_gmt":"2025-01-27T12:44:51","guid":{"rendered":"https:\/\/www.buraco.plus\/come-iniziare\/"},"modified":"2025-01-29T09:11:41","modified_gmt":"2025-01-29T09:11:41","slug":"come-iniziare","status":"publish","type":"page","link":"https:\/\/www.buraco.plus\/it\/come-iniziare\/","title":{"rendered":"Come iniziare"},"content":{"rendered":"\t\t<div data-elementor-type=\"wp-page\" data-elementor-id=\"28165\" class=\"elementor elementor-28165 elementor-27784\">\n\t\t\t\t\t\t<section class=\"elementor-section elementor-top-section elementor-element elementor-element-d2aee7d elementor-section-boxed elementor-section-height-default elementor-section-height-default sc_fly_static\" data-id=\"d2aee7d\" data-element_type=\"section\">\n\t\t\t\t\t\t<div class=\"elementor-container elementor-column-gap-extended\">\n\t\t\t\t\t<div class=\"elementor-column elementor-col-100 elementor-top-column elementor-element elementor-element-781c9a1 sc_inner_width_none sc_content_align_inherit sc_layouts_column_icons_position_left sc_gradient_animation_none sc_fly_static\" data-id=\"781c9a1\" data-element_type=\"column\" data-settings=\"{&quot;background_background&quot;:&quot;gradient&quot;}\">\n\t\t\t<div class=\"elementor-widget-wrap elementor-element-populated\">\n\t\t\t\t\t\t<div class=\"elementor-element elementor-element-74c9a69 elementor-widget__width-initial sc_fly_static elementor-widget elementor-widget-heading\" data-id=\"74c9a69\" data-element_type=\"widget\" data-widget_type=\"heading.default\">\n\t\t\t\t<div class=\"elementor-widget-container\">\n\t\t\t\t\t<h5 class=\"elementor-heading-title elementor-size-default\">Per Iniziare<\/h5>\t\t\t\t<\/div>\n\t\t\t\t<\/div>\n\t\t\t\t\t<\/div>\n\t\t<\/div>\n\t\t\t\t\t<\/div>\n\t\t<\/section>\n\t\t\t\t<section class=\"elementor-section elementor-top-section elementor-element elementor-element-239e427 elementor-section-boxed elementor-section-height-default elementor-section-height-default sc_fly_static\" data-id=\"239e427\" data-element_type=\"section\">\n\t\t\t\t\t\t<div class=\"elementor-container elementor-column-gap-extended\">\n\t\t\t\t\t<div class=\"elementor-column elementor-col-100 elementor-top-column elementor-element elementor-element-b5d3c2b sc_inner_width_none sc_content_align_inherit sc_layouts_column_icons_position_left sc_fly_static\" data-id=\"b5d3c2b\" data-element_type=\"column\">\n\t\t\t<div class=\"elementor-widget-wrap elementor-element-populated\">\n\t\t\t\t\t\t<div class=\"elementor-element elementor-element-0c6113a sc_fly_static elementor-widget elementor-widget-spacer\" data-id=\"0c6113a\" data-element_type=\"widget\" data-widget_type=\"spacer.default\">\n\t\t\t\t<div class=\"elementor-widget-container\">\n\t\t\t\t\t\t\t<div class=\"elementor-spacer\">\n\t\t\t<div class=\"elementor-spacer-inner\"><\/div>\n\t\t<\/div>\n\t\t\t\t\t\t<\/div>\n\t\t\t\t<\/div>\n\t\t\t\t\t<\/div>\n\t\t<\/div>\n\t\t\t\t\t<\/div>\n\t\t<\/section>\n\t\t\t\t<section class=\"elementor-section elementor-top-section elementor-element elementor-element-9a12477 elementor-section-boxed elementor-section-height-default elementor-section-height-default sc_fly_static\" data-id=\"9a12477\" data-element_type=\"section\">\n\t\t\t\t\t\t<div class=\"elementor-container elementor-column-gap-extended\">\n\t\t\t\t\t<div class=\"elementor-column elementor-col-50 elementor-top-column elementor-element elementor-element-88edb9d sc_inner_width_none sc_content_align_inherit sc_layouts_column_icons_position_left sc_fly_static\" data-id=\"88edb9d\" data-element_type=\"column\">\n\t\t\t<div class=\"elementor-widget-wrap elementor-element-populated\">\n\t\t\t\t\t\t<div class=\"elementor-element elementor-element-add71be sc_fly_static elementor-widget elementor-widget-toggle\" data-id=\"add71be\" data-element_type=\"widget\" data-widget_type=\"toggle.default\">\n\t\t\t\t<div class=\"elementor-widget-container\">\n\t\t\t\t\t\t\t<div class=\"elementor-toggle\">\n\t\t\t\t\t\t\t<div class=\"elementor-toggle-item\">\n\t\t\t\t\t<div id=\"elementor-tab-title-1821\" class=\"elementor-tab-title\" data-tab=\"1\" role=\"button\" aria-controls=\"elementor-tab-content-1821\" aria-expanded=\"false\">\n\t\t\t\t\t\t\t\t\t\t\t\t<span class=\"elementor-toggle-icon elementor-toggle-icon-left\" aria-hidden=\"true\">\n\t\t\t\t\t\t\t\t\t\t\t\t\t\t\t<span class=\"elementor-toggle-icon-closed\"><i class=\"fas fa-caret-right\"><\/i><\/span>\n\t\t\t\t\t\t\t\t<span class=\"elementor-toggle-icon-opened\"><i class=\"elementor-toggle-icon-opened fas fa-caret-up\"><\/i><\/span>\n\t\t\t\t\t\t\t\t\t\t\t\t\t<\/span>\n\t\t\t\t\t\t\t\t\t\t\t\t<a class=\"elementor-toggle-title\" tabindex=\"0\">Come scaricare il gioco?<\/a>\n\t\t\t\t\t<\/div>\n\n\t\t\t\t\t<div id=\"elementor-tab-content-1821\" class=\"elementor-tab-content elementor-clearfix\" data-tab=\"1\" role=\"region\" aria-labelledby=\"elementor-tab-title-1821\"><p>Per iPhone e iPad, clicca sul seguente link<\/p>\n<p><a href=\"https:\/\/apps.apple.com\/us\/app\/buraco-plus\/id1152517133\">https:\/\/apps.apple.com\/us\/app\/buraco-plus\/id1152517133<\/a><\/p>\n<p>Per i tablet e i cellulari Android, clicca sul seguente link<\/p>\n<p><a href=\"https:\/\/play.google.com\/store\/apps\/details?id=com.mediasouls.buraco&amp;hl=en&amp;gl=US\">https:\/\/play.google.com\/store\/apps\/details?id=com.mediasouls.buraco&amp;hl=en&amp;gl=US<\/a><\/p>\n<p>Per il PC clicca sul seguente link<br \/>Windows64<br \/><a href=\"https:\/\/www.buraco.plus\/files\/win_x64\/buracoplus.zip\">https:\/\/www.buraco.plus\/files\/win_x64\/buracoplus.zip<\/a><br \/>Windows86<br \/><a href=\"https:\/\/www.buraco.plus\/files\/win_x86\/buracoplus.zip\">https:\/\/www.buraco.plus\/files\/win_x86\/buracoplus.zip<\/a><\/p>\n<p>Per il Mac clicca sul seguente link<\/p>\n<p><a href=\"https:\/\/apps.apple.com\/us\/app\/buraco-plus\/id1152517133\">https:\/\/apps.apple.com\/us\/app\/buraco-plus\/id1152517133<\/a><\/p>\n<\/div>\n\t\t\t\t<\/div>\n\t\t\t\t\t\t\t<div class=\"elementor-toggle-item\">\n\t\t\t\t\t<div id=\"elementor-tab-title-1822\" class=\"elementor-tab-title\" data-tab=\"2\" role=\"button\" aria-controls=\"elementor-tab-content-1822\" aria-expanded=\"false\">\n\t\t\t\t\t\t\t\t\t\t\t\t<span class=\"elementor-toggle-icon elementor-toggle-icon-left\" aria-hidden=\"true\">\n\t\t\t\t\t\t\t\t\t\t\t\t\t\t\t<span class=\"elementor-toggle-icon-closed\"><i class=\"fas fa-caret-right\"><\/i><\/span>\n\t\t\t\t\t\t\t\t<span class=\"elementor-toggle-icon-opened\"><i class=\"elementor-toggle-icon-opened fas fa-caret-up\"><\/i><\/span>\n\t\t\t\t\t\t\t\t\t\t\t\t\t<\/span>\n\t\t\t\t\t\t\t\t\t\t\t\t<a class=\"elementor-toggle-title\" tabindex=\"0\">Come devo registrarmi su buraco plus?<\/a>\n\t\t\t\t\t<\/div>\n\n\t\t\t\t\t<div id=\"elementor-tab-content-1822\" class=\"elementor-tab-content elementor-clearfix\" data-tab=\"2\" role=\"region\" aria-labelledby=\"elementor-tab-title-1822\"><p>\u00c8 possibile accedere direttamente tramite uno dei canali di accesso:<\/p>\n<p>Per Apple:<\/p>\n<p>Apple Sign in<\/p>\n<p>Game Center<\/p>\n<p>Per Android:<\/p>\n<p>Google Play<\/p>\n<p>Oppure puoi iscriverti con e-mail seguendo questi semplici passaggi:<\/p>\n<p>Apri l&#8217;applicazione e clicca su: CLICCA QUI PER REGISTRARTI<\/p>\n<p>Compilare il modulo:<\/p>\n<p>Nickname<\/p>\n<p>Email<\/p>\n<p>Password<\/p>\n<p>Conferma password<\/p>\n<p>Dopo aver letto l&#8217;informativa sulla privacy, spunta la casella.<\/p>\n<p>Completa la registrazione cliccando su REGISTRATI.<\/p>\n<p>Un link di conferma verr\u00e0 inviato nella tua e-mail per l&#8217;attivazione dell&#8217;account.<\/p>\n<\/div>\n\t\t\t\t<\/div>\n\t\t\t\t\t\t\t<div class=\"elementor-toggle-item\">\n\t\t\t\t\t<div id=\"elementor-tab-title-1823\" class=\"elementor-tab-title\" data-tab=\"3\" role=\"button\" aria-controls=\"elementor-tab-content-1823\" aria-expanded=\"false\">\n\t\t\t\t\t\t\t\t\t\t\t\t<span class=\"elementor-toggle-icon elementor-toggle-icon-left\" aria-hidden=\"true\">\n\t\t\t\t\t\t\t\t\t\t\t\t\t\t\t<span class=\"elementor-toggle-icon-closed\"><i class=\"fas fa-caret-right\"><\/i><\/span>\n\t\t\t\t\t\t\t\t<span class=\"elementor-toggle-icon-opened\"><i class=\"elementor-toggle-icon-opened fas fa-caret-up\"><\/i><\/span>\n\t\t\t\t\t\t\t\t\t\t\t\t\t<\/span>\n\t\t\t\t\t\t\t\t\t\t\t\t<a class=\"elementor-toggle-title\" tabindex=\"0\">Come giocare online: Modalit\u00e0 Multigiocatore vs. Modalit\u00e0 Allenamento?<\/a>\n\t\t\t\t\t<\/div>\n\n\t\t\t\t\t<div id=\"elementor-tab-content-1823\" class=\"elementor-tab-content elementor-clearfix\" data-tab=\"3\" role=\"region\" aria-labelledby=\"elementor-tab-title-1823\"><p>Dopo aver effettuato l&#8217;accesso, vengono visualizzate due opzioni:<\/p>\n<ol>\n<li>Modalit\u00e0 allenamento: Selezionare questa opzione per esercitarsi contro il computer.<\/li>\n<li>Multigiocatore: Scegliere questa opzione per competere con giocatori in tempo reale online.<\/li>\n<\/ol>\n<\/div>\n\t\t\t\t<\/div>\n\t\t\t\t\t\t\t<div class=\"elementor-toggle-item\">\n\t\t\t\t\t<div id=\"elementor-tab-title-1824\" class=\"elementor-tab-title\" data-tab=\"4\" role=\"button\" aria-controls=\"elementor-tab-content-1824\" aria-expanded=\"false\">\n\t\t\t\t\t\t\t\t\t\t\t\t<span class=\"elementor-toggle-icon elementor-toggle-icon-left\" aria-hidden=\"true\">\n\t\t\t\t\t\t\t\t\t\t\t\t\t\t\t<span class=\"elementor-toggle-icon-closed\"><i class=\"fas fa-caret-right\"><\/i><\/span>\n\t\t\t\t\t\t\t\t<span class=\"elementor-toggle-icon-opened\"><i class=\"elementor-toggle-icon-opened fas fa-caret-up\"><\/i><\/span>\n\t\t\t\t\t\t\t\t\t\t\t\t\t<\/span>\n\t\t\t\t\t\t\t\t\t\t\t\t<a class=\"elementor-toggle-title\" tabindex=\"0\">Esiste una modalit\u00e0 di allenamento?<\/a>\n\t\t\t\t\t<\/div>\n\n\t\t\t\t\t<div id=\"elementor-tab-content-1824\" class=\"elementor-tab-content elementor-clearfix\" data-tab=\"4\" role=\"region\" aria-labelledby=\"elementor-tab-title-1824\"><p>S\u00ec, basta cliccare su ALLENATI. Si potranno personalizzare i parametri della partita e si giocher\u00e0 contro il computer in modalit\u00e0 allenamento, senza ottenere o perdere punti.<\/p>\n<\/div>\n\t\t\t\t<\/div>\n\t\t\t\t\t\t\t<div class=\"elementor-toggle-item\">\n\t\t\t\t\t<div id=\"elementor-tab-title-1825\" class=\"elementor-tab-title\" data-tab=\"5\" role=\"button\" aria-controls=\"elementor-tab-content-1825\" aria-expanded=\"false\">\n\t\t\t\t\t\t\t\t\t\t\t\t<span class=\"elementor-toggle-icon elementor-toggle-icon-left\" aria-hidden=\"true\">\n\t\t\t\t\t\t\t\t\t\t\t\t\t\t\t<span class=\"elementor-toggle-icon-closed\"><i class=\"fas fa-caret-right\"><\/i><\/span>\n\t\t\t\t\t\t\t\t<span class=\"elementor-toggle-icon-opened\"><i class=\"elementor-toggle-icon-opened fas fa-caret-up\"><\/i><\/span>\n\t\t\t\t\t\t\t\t\t\t\t\t\t<\/span>\n\t\t\t\t\t\t\t\t\t\t\t\t<a class=\"elementor-toggle-title\" tabindex=\"0\">Perch\u00e9 non riesco a installare l'app sul mio tablet\/smartphone?<\/a>\n\t\t\t\t\t<\/div>\n\n\t\t\t\t\t<div id=\"elementor-tab-content-1825\" class=\"elementor-tab-content elementor-clearfix\" data-tab=\"5\" role=\"region\" aria-labelledby=\"elementor-tab-title-1825\"><p>Se non riesci a installare l&#8217;applicazione, il tuo sistema operativo potrebbe essere obsoleto e non pi\u00f9 compatibile.<\/p>\n<\/div>\n\t\t\t\t<\/div>\n\t\t\t\t\t\t\t\t<\/div>\n\t\t\t\t\t\t<\/div>\n\t\t\t\t<\/div>\n\t\t\t\t<div class=\"elementor-element elementor-element-9aac67f sc_fly_static elementor-widget elementor-widget-spacer\" data-id=\"9aac67f\" data-element_type=\"widget\" data-widget_type=\"spacer.default\">\n\t\t\t\t<div class=\"elementor-widget-container\">\n\t\t\t\t\t\t\t<div class=\"elementor-spacer\">\n\t\t\t<div class=\"elementor-spacer-inner\"><\/div>\n\t\t<\/div>\n\t\t\t\t\t\t<\/div>\n\t\t\t\t<\/div>\n\t\t\t\t\t<\/div>\n\t\t<\/div>\n\t\t\t\t<div class=\"elementor-column elementor-col-50 elementor-top-column elementor-element elementor-element-274bd2e sc_inner_width_none sc_content_align_inherit sc_layouts_column_icons_position_left sc_fly_static\" data-id=\"274bd2e\" data-element_type=\"column\">\n\t\t\t<div class=\"elementor-widget-wrap elementor-element-populated\">\n\t\t\t\t\t\t<div class=\"elementor-element elementor-element-9d52f08 elementor-widget__width-initial sc_fly_static elementor-widget elementor-widget-trx_sc_layouts_menu\" data-id=\"9d52f08\" data-element_type=\"widget\" data-widget_type=\"trx_sc_layouts_menu.default\">\n\t\t\t\t<div class=\"elementor-widget-container\">\n\t\t\t\t\t<nav class=\"sc_layouts_menu sc_layouts_menu_default sc_layouts_menu_dir_vertical sc_layouts_submenu_popup menu_hover_fade\" data-animation-in=\"fadeIn\" data-animation-out=\"fadeOut\" ><ul id=\"sc_layouts_menu_368887940\" class=\"sc_layouts_menu_nav\"><li id=\"menu-item-28197\" class=\"menu-item menu-item-type-post_type menu-item-object-page menu-item-28197\"><a href=\"https:\/\/www.buraco.plus\/it\/come-iniziare\/\"><span>\u2724 Come iniziare<\/span><\/a><\/li><li id=\"menu-item-28195\" class=\"menu-item menu-item-type-post_type menu-item-object-page menu-item-28195\"><a href=\"https:\/\/www.buraco.plus\/it\/gestione-degli-account\/\"><span>\u2724 Gestione degli account<\/span><\/a><\/li><li id=\"menu-item-28196\" class=\"menu-item menu-item-type-post_type menu-item-object-page menu-item-28196\"><a href=\"https:\/\/www.buraco.plus\/it\/gioco-e-regole\/\"><span>\u2724 Gioco e Regole<\/span><\/a><\/li><li id=\"menu-item-28192\" class=\"menu-item menu-item-type-post_type menu-item-object-page menu-item-28192\"><a href=\"https:\/\/www.buraco.plus\/it\/partite-e-impostazioni\/\"><span>\u2724 Partite e Impostazioni<\/span><\/a><\/li><li id=\"menu-item-28194\" class=\"menu-item menu-item-type-post_type menu-item-object-page menu-item-28194\"><a href=\"https:\/\/www.buraco.plus\/it\/gestione-e-caratteristiche-del-club\/\"><span>\u2724 Gestione e caratteristiche del club<\/span><\/a><\/li><li id=\"menu-item-28193\" class=\"menu-item menu-item-type-post_type menu-item-object-page menu-item-28193\"><a href=\"https:\/\/www.buraco.plus\/it\/interazioni-sociali-e-caratteristiche\/\"><span>\u2724 Interazioni sociali e caratteristiche<\/span><\/a><\/li><li id=\"menu-item-28191\" class=\"menu-item menu-item-type-post_type menu-item-object-page menu-item-28191\"><a href=\"https:\/\/www.buraco.plus\/it\/vantaggi-e-informazioni-sullabbonamento\/\"><span>\u2724 Vantaggi e informazioni sull\u2019abbonamento<\/span><\/a><\/li><li id=\"menu-item-28190\" class=\"menu-item menu-item-type-post_type menu-item-object-page menu-item-28190\"><a href=\"https:\/\/www.buraco.plus\/it\/shop-it\/\"><span>\u2724 Shop<\/span><\/a><\/li><li id=\"menu-item-28189\" class=\"menu-item menu-item-type-post_type menu-item-object-page menu-item-28189\"><a href=\"https:\/\/www.buraco.plus\/it\/monthly-tournament\/\"><span>\u2724 Monthly Tournament<\/span><\/a><\/li><li id=\"menu-item-28188\" class=\"menu-item menu-item-type-post_type menu-item-object-page menu-item-28188\"><a href=\"https:\/\/www.buraco.plus\/it\/tornei-buraco-plus\/\"><span>\u2724 Tornei Buraco Plus<\/span><\/a><\/li><li id=\"menu-item-28187\" class=\"menu-item menu-item-type-post_type menu-item-object-page menu-item-28187\"><a href=\"https:\/\/www.buraco.plus\/it\/eventi-2\/\"><span>\u2724 Eventi<\/span><\/a><\/li><\/ul><\/nav>\t\t\t\t<\/div>\n\t\t\t\t<\/div>\n\t\t\t\t\t<\/div>\n\t\t<\/div>\n\t\t\t\t\t<\/div>\n\t\t<\/section>\n\t\t\t\t<\/div>\n\t\t","protected":false},"excerpt":{"rendered":"<p>Per Iniziare Come scaricare il gioco? Per iPhone e iPad, clicca sul seguente link https:\/\/apps.apple.com\/us\/app\/buraco-plus\/id1152517133 Per i tablet e i cellulari Android, clicca sul seguente link https:\/\/play.google.com\/store\/apps\/details?id=com.mediasouls.buraco&amp;hl=en&amp;gl=US Per il PC&hellip;<\/p>\n","protected":false},"author":1,"featured_media":0,"parent":0,"menu_order":0,"comment_status":"closed","ping_status":"closed","template":"","meta":{"footnotes":""},"class_list":["post-28165","page","type-page","status-publish","hentry"],"_links":{"self":[{"href":"https:\/\/www.buraco.plus\/it\/wp-json\/wp\/v2\/pages\/28165","targetHints":{"allow":["GET"]}}],"collection":[{"href":"https:\/\/www.buraco.plus\/it\/wp-json\/wp\/v2\/pages"}],"about":[{"href":"https:\/\/www.buraco.plus\/it\/wp-json\/wp\/v2\/types\/page"}],"author":[{"embeddable":true,"href":"https:\/\/www.buraco.plus\/it\/wp-json\/wp\/v2\/users\/1"}],"replies":[{"embeddable":true,"href":"https:\/\/www.buraco.plus\/it\/wp-json\/wp\/v2\/comments?post=28165"}],"version-history":[{"count":1,"href":"https:\/\/www.buraco.plus\/it\/wp-json\/wp\/v2\/pages\/28165\/revisions"}],"predecessor-version":[{"id":28166,"href":"https:\/\/www.buraco.plus\/it\/wp-json\/wp\/v2\/pages\/28165\/revisions\/28166"}],"wp:attachment":[{"href":"https:\/\/www.buraco.plus\/it\/wp-json\/wp\/v2\/media?parent=28165"}],"curies":[{"name":"wp","href":"https:\/\/api.w.org\/{rel}","templated":true}]}}